{"id":28,"date":"2016-03-16T16:58:34","date_gmt":"2016-03-16T15:58:34","guid":{"rendered":"http:\/\/asvpnf.com\/?page_id=28"},"modified":"2020-03-27T18:24:39","modified_gmt":"2020-03-27T17:24:39","slug":"accueil-2","status":"publish","type":"page","link":"https:\/\/asvpnf.com\/","title":{"rendered":"ACCUEIL"},"content":{"rendered":"<div id=\"pl-28\"  class=\"panel-layout\" ><div id=\"pg-28-0\"  class=\"panel-grid panel-has-style\" ><div class=\"siteorigin-panels-stretch panel-row-style panel-row-style-for-28-0\" data-stretch-type=\"full-stretched\" ><div id=\"pgc-28-0-0\"  class=\"panel-grid-cell panel-grid-cell-empty\" ><\/div><div id=\"pgc-28-0-1\"  class=\"panel-grid-cell\" ><div id=\"panel-28-0-1-0\" class=\"so-panel widget widget_ink-slider panel-first-child\" data-index=\"0\" ><div class=\"panel-widget-style panel-widget-style-for-28-0-1-0\" ><div class=\"so-widget-ink-slider so-widget-ink-slider-slider-b078cba32b59\">\n<div class=\"iw-so-slider\" data-slick='{&quot;prevArrow&quot; : &quot;&lt;button id=&#039;iw-so-slick-prev&#039; class=&#039;slick-arrow slick-prev&#039;&gt;Previous&lt;\/button&gt;&quot;, &quot;nextArrow&quot; : &quot;&lt;button id=&#039;iw-so-slick-next&#039; class=&#039;slick-arrow slick-next&#039;&gt;Next&lt;\/button&gt;&quot;, &quot;adaptiveHeight&quot; : true, &quot;autoplay&quot; : true, &quot;pauseOnFocus&quot; : false, &quot;arrows&quot; : false, &quot;fade&quot; : true}'>\n\n\t\n\t\t<div class=\"iw-so-slider-slide\">\n\t\t\t<div class=\"iw-so-slide-content\">\n\t\t\t\t<center><img width=\"567\" height=\"425\" src=\"https:\/\/asvpnf.com\/wp-content\/uploads\/2016\/04\/photo-eng-filles-2.jpg\" class=\"attachment-full size-full\" alt=\"\" loading=\"lazy\" srcset=\"https:\/\/asvpnf.com\/wp-content\/uploads\/2016\/04\/photo-eng-filles-2.jpg 567w, https:\/\/asvpnf.com\/wp-content\/uploads\/2016\/04\/photo-eng-filles-2-300x225.jpg 300w\" sizes=\"(max-width: 567px) 100vw, 567px\" \/><\/center>\n\t\t\t\t\t\t\t<\/div>\n\t\t<\/div>\n\t\n\t\t<div class=\"iw-so-slider-slide\">\n\t\t\t<div class=\"iw-so-slide-content\">\n\t\t\t\t<center><img width=\"3072\" height=\"2304\" src=\"https:\/\/asvpnf.com\/wp-content\/uploads\/2016\/04\/053_53.jpg\" class=\"attachment-full size-full\" alt=\"\" loading=\"lazy\" srcset=\"https:\/\/asvpnf.com\/wp-content\/uploads\/2016\/04\/053_53.jpg 3072w, https:\/\/asvpnf.com\/wp-content\/uploads\/2016\/04\/053_53-300x225.jpg 300w, https:\/\/asvpnf.com\/wp-content\/uploads\/2016\/04\/053_53-768x576.jpg 768w, https:\/\/asvpnf.com\/wp-content\/uploads\/2016\/04\/053_53-1024x768.jpg 1024w\" sizes=\"(max-width: 3072px) 100vw, 3072px\" \/><\/center>\n\t\t\t\t\t\t\t<\/div>\n\t\t<\/div>\n\t\n\t\t<div class=\"iw-so-slider-slide\">\n\t\t\t<div class=\"iw-so-slide-content\">\n\t\t\t\t<center><img width=\"2048\" height=\"1536\" src=\"https:\/\/asvpnf.com\/wp-content\/uploads\/2016\/04\/078.jpg\" class=\"attachment-full size-full\" alt=\"\" loading=\"lazy\" srcset=\"https:\/\/asvpnf.com\/wp-content\/uploads\/2016\/04\/078.jpg 2048w, https:\/\/asvpnf.com\/wp-content\/uploads\/2016\/04\/078-300x225.jpg 300w, https:\/\/asvpnf.com\/wp-content\/uploads\/2016\/04\/078-768x576.jpg 768w, https:\/\/asvpnf.com\/wp-content\/uploads\/2016\/04\/078-1024x768.jpg 1024w\" sizes=\"(max-width: 2048px) 100vw, 2048px\" \/><\/center>\n\t\t\t\t\t\t\t<\/div>\n\t\t<\/div>\n\t\n\t\t<div class=\"iw-so-slider-slide\">\n\t\t\t<div class=\"iw-so-slide-content\">\n\t\t\t\t<center><img width=\"2048\" height=\"1536\" src=\"https:\/\/asvpnf.com\/wp-content\/uploads\/2016\/04\/053_New1.jpg\" class=\"attachment-full size-full\" alt=\"\" loading=\"lazy\" srcset=\"https:\/\/asvpnf.com\/wp-content\/uploads\/2016\/04\/053_New1.jpg 2048w, https:\/\/asvpnf.com\/wp-content\/uploads\/2016\/04\/053_New1-300x225.jpg 300w, https:\/\/asvpnf.com\/wp-content\/uploads\/2016\/04\/053_New1-768x576.jpg 768w, https:\/\/asvpnf.com\/wp-content\/uploads\/2016\/04\/053_New1-1024x768.jpg 1024w\" sizes=\"(max-width: 2048px) 100vw, 2048px\" \/><\/center>\n\t\t\t\t\t\t\t<\/div>\n\t\t<\/div>\n\t<\/div>\n<\/div><\/div><\/div><div id=\"panel-28-0-1-1\" class=\"so-panel widget widget_sow-editor panel-last-child\" data-index=\"1\" ><div class=\"panel-widget-style panel-widget-style-for-28-0-1-1\" ><div class=\"so-widget-sow-editor so-widget-sow-editor-base\">\n<div class=\"siteorigin-widget-tinymce textwidget\">\n\t<p style=\"text-align: justify;\">Les enseignants retrait\u00e9s, signataires de la pr\u00e9sente demande, anciens \u00e9l\u00e8ves-ma\u00eetres des \u00e9coles normales primaires du d\u00e9partement du Finist\u00e8re souhaitent tout d'abord rappeler que toute soci\u00e9t\u00e9 est r\u00e9put\u00e9e avoir l'\u00e9cole qu'elle m\u00e9rite. Celle qui les concerne devrait prioritairement faire de l'institution scolaire une grande cause nationale comme elle le fut \u00e0 des moments cruciaux de l'histoire de leur nation.<\/p>\n<p style=\"text-align: justify;\">L'\u00e9cole publique, institution fondamentale de l'organisation et du fonctionnement des collectivit\u00e9s locales, \u00e9tait (et reste) porteuse d'un ensemble de valeurs fondatrices qui leur permit d'acc\u00e9der, <em>via<\/em> l'\u00e9cole normale, au beau m\u00e9tier d'instituteur. Cette \u00e9cole, ses instituteurs et ses institutrices constituaient un \u00e9l\u00e9ment identitaire central, facteur fondamental d'int\u00e9gration, de promotion et de solidarit\u00e9 sociales. Les Ecoles Normales Primaires en constituaient le d\u00e9terminant essentiel.<\/p>\n<p style=\"text-align: justify;\">La position privil\u00e9gi\u00e9e de l'\u00e9cole primaire dans nos institutions r\u00e9publicaines et le maintien de leur stabilit\u00e9 ne sauraient \u00eatre remises en cause par les signataires de ce document. Ils ne se r\u00e9signent pas plus \u00e0 consid\u00e9rer que la d\u00e9gradation des conditions de fonctionnement de notre syst\u00e8me scolaire (d\u00e9lib\u00e9r\u00e9ment stigmatis\u00e9e par de nombreux m\u00e9dias) se trouve \u00e0 l'origine de tous les probl\u00e8mes actuels de notre soci\u00e9t\u00e9.<\/p>\n<p style=\"text-align: justify;\">Ils ont pris acte, chemin faisant, de la suppression des Ecoles Normales Primaires en 1989 et de la prise en charge de la formation des ma\u00eetres successivement pas les IUFM puis les ESPE. Ces nouvelles structures, accueillies dans les locaux des Ecoles Normales Primaires construits pour la plupart au d\u00e9but de la 3\u00e8 R\u00e9publique, ont d\u00e9sormais vocation naturelle \u00e0 s'installer sur des sites universitaires d\u00e9di\u00e9s.<\/p>\n<p style=\"text-align: justify;\">En cons\u00e9quence, les pr\u00e9sents demandeurs se proposent par leur d\u00e9marche de contribuer \u00e0 la sauvegarde et \u00e0 la valorisation, par les pouvoir publics, du patrimoine repr\u00e9sent\u00e9 par les deux Ecoles Normales du Finist\u00e8re. Celles-ci furent cr\u00e9\u00e9es et g\u00e9r\u00e9es sur les plans foncier et immobilier par le Conseil G\u00e9n\u00e9ral de ce d\u00e9partement, r\u00e9cemment devenu Conseil D\u00e9partemental.<\/p>\n<p style=\"text-align: justify;\"><em> Les membres cr\u00e9ateurs de l'ASVPNF<\/em><\/p>\n<\/div>\n<\/div><\/div><\/div><\/div><div id=\"pgc-28-0-2\"  class=\"panel-grid-cell panel-grid-cell-mobile-last\" ><div class=\"panel-cell-style panel-cell-style-for-28-0-2\" ><div id=\"panel-28-0-2-0\" class=\"so-panel widget widget_dc_jqverticalmegamenu_widget panel-first-child\" data-index=\"2\" ><div class=\"panel-widget-style panel-widget-style-for-28-0-2-0\" >\t\t<div class=\"dcjq-vertical-mega-menu\" id=\"dc_jqverticalmegamenu_widget-1-item\">\r\n\t\t\r\n\t\t<ul id=\"menu-menu-sidebar\" class=\"menu\"><li id=\"menu-item-2595\" class=\"menu-item menu-item-type-post_type menu-item-object-page menu-item-2595\"><a href=\"https:\/\/asvpnf.com\/index.php\/rechercher\/\">RECHERCHER&#8230;<\/a><\/li>\n<li id=\"menu-item-159\" class=\"menu-item menu-item-type-post_type menu-item-object-page menu-item-159\"><a href=\"https:\/\/asvpnf.com\/index.php\/faire-connaissance\/\">A PROPOS<\/a><\/li>\n<li id=\"menu-item-104\" class=\"menu-item menu-item-type-post_type menu-item-object-page menu-item-104\"><a href=\"https:\/\/asvpnf.com\/index.php\/adhesion\/\">ADHESION<\/a><\/li>\n<li id=\"menu-item-107\" class=\"menu-item menu-item-type-post_type menu-item-object-page menu-item-107\"><a href=\"https:\/\/asvpnf.com\/index.php\/contact\/\">CONTACT<\/a><\/li>\n<\/ul>\t\t\r\n\t\t<\/div>\r\n\t\t<\/div><\/div><div id=\"panel-28-0-2-1\" class=\"so-panel widget\" data-index=\"3\" ><div class=\"panel-widget-style panel-widget-style-for-28-0-2-1\" ><\/div><\/div><div id=\"panel-28-0-2-2\" class=\"so-panel widget widget_ink-blog panel-last-child\" data-index=\"4\" ><div class=\"liste-articles panel-widget-style panel-widget-style-for-28-0-2-2\" id=\"liste-articles\" ><div class=\"so-widget-ink-blog so-widget-ink-blog-thumb-none-7057433e61dc\">\n<h3 class=\"widget-title\">ARTICLES RECENTS<\/h3>\n\n\t<div class=\"iw-so-blog\">\n\n\t\t<div id=\"my-ajax-blog-widget\">\n\n\t\t\t<div class=\"iw-so-blog-container\">\n\n\t\t\t\t\n\t\t\t\t\t<div class=\"iw-so-article iw-so-no-thumb iw-so-blog-one-column iw-so-last-col\">\n\n\t\t\t\t\t\t<div class=\"iw-so-article-content\">\n\n\t\t\t\t\t\t\t\n\t\t\t\t\t\t\t\n\t\t\t\t\t\t\t<h6 class=\"iw-so-article-title iw-text-left\">\n\t\t\t\t\t\t\t\t<a href=\"https:\/\/asvpnf.com\/index.php\/2026\/04\/01\/contre-la-tranquillite-de-lantisemitisme-appel-a-la-vigilance-republicaine\/\">\t\t\t\t\t\t\t\t\tContre la tranquillit\u00e9 de l\u2019antis\u00e9mitisme : appel \u00e0 la vigilance r\u00e9publicaine !\t\t\t\t\t\t\t\t<\/a>\t\t\t\t\t\t\t<\/h6>\n\n\t\t\t\t\t\t\t\n\t\t\t\t\t\t\t\n\t\t\t\t\t\t\t\n\t\t\t\t\t\t\t\n\t\t\t\t\t\t<\/div>\n\n\t\t\t\t\t<\/div>\n\n\t\t\t\t\t\n\t\t\t\t\n\t\t\t\t\t<div class=\"iw-so-article iw-so-no-thumb iw-so-blog-one-column iw-so-last-col\">\n\n\t\t\t\t\t\t<div class=\"iw-so-article-content\">\n\n\t\t\t\t\t\t\t\n\t\t\t\t\t\t\t\n\t\t\t\t\t\t\t<h6 class=\"iw-so-article-title iw-text-left\">\n\t\t\t\t\t\t\t\t<a href=\"https:\/\/asvpnf.com\/index.php\/2026\/04\/01\/dame-de-fer-et-femmes-de-sciences-de-la-tour-eiffel-a-la-posterite\/\">\t\t\t\t\t\t\t\t\tDame de fer et femmes de sciences : de la Tour Eiffel \u00e0 la post\u00e9rit\u00e9\u00a0!\t\t\t\t\t\t\t\t<\/a>\t\t\t\t\t\t\t<\/h6>\n\n\t\t\t\t\t\t\t\n\t\t\t\t\t\t\t\n\t\t\t\t\t\t\t\n\t\t\t\t\t\t\t\n\t\t\t\t\t\t<\/div>\n\n\t\t\t\t\t<\/div>\n\n\t\t\t\t\t\n\t\t\t\t\n\t\t\t\t\t<div class=\"iw-so-article iw-so-no-thumb iw-so-blog-one-column iw-so-last-col\">\n\n\t\t\t\t\t\t<div class=\"iw-so-article-content\">\n\n\t\t\t\t\t\t\t\n\t\t\t\t\t\t\t\n\t\t\t\t\t\t\t<h6 class=\"iw-so-article-title iw-text-left\">\n\t\t\t\t\t\t\t\t<a href=\"https:\/\/asvpnf.com\/index.php\/2026\/03\/28\/jospin-et-lecole-la-reforme-inachevee\/\">\t\t\t\t\t\t\t\t\tJospin et\u00a0l\u2019Ecole :\u00a0la r\u00e9forme inachev\u00e9e et les Ecoles normales supprim\u00e9es.\t\t\t\t\t\t\t\t<\/a>\t\t\t\t\t\t\t<\/h6>\n\n\t\t\t\t\t\t\t\n\t\t\t\t\t\t\t\n\t\t\t\t\t\t\t\n\t\t\t\t\t\t\t\n\t\t\t\t\t\t<\/div>\n\n\t\t\t\t\t<\/div>\n\n\t\t\t\t\t\n\t\t\t\t\n\t\t\t\t\t<div class=\"iw-so-article iw-so-no-thumb iw-so-blog-one-column iw-so-last-col\">\n\n\t\t\t\t\t\t<div class=\"iw-so-article-content\">\n\n\t\t\t\t\t\t\t\n\t\t\t\t\t\t\t\n\t\t\t\t\t\t\t<h6 class=\"iw-so-article-title iw-text-left\">\n\t\t\t\t\t\t\t\t<a href=\"https:\/\/asvpnf.com\/index.php\/2026\/03\/25\/conduire-sa-raison-afin-de-resister-en-ces-temps-de-post-verite\/\">\t\t\t\t\t\t\t\t\t\u00ab\u00a0Conduire sa raison\u00a0\u00bb afin de r\u00e9sister en ces temps de \u00ab\u00a0post-v\u00e9rit\u00e9\u00a0\u00bb\t\t\t\t\t\t\t\t<\/a>\t\t\t\t\t\t\t<\/h6>\n\n\t\t\t\t\t\t\t\n\t\t\t\t\t\t\t\n\t\t\t\t\t\t\t\n\t\t\t\t\t\t\t\n\t\t\t\t\t\t<\/div>\n\n\t\t\t\t\t<\/div>\n\n\t\t\t\t\t\n\t\t\t\t\n\t\t\t\t\t<div class=\"iw-so-article iw-so-no-thumb iw-so-blog-one-column iw-so-last-col\">\n\n\t\t\t\t\t\t<div class=\"iw-so-article-content\">\n\n\t\t\t\t\t\t\t\n\t\t\t\t\t\t\t\n\t\t\t\t\t\t\t<h6 class=\"iw-so-article-title iw-text-left\">\n\t\t\t\t\t\t\t\t<a href=\"https:\/\/asvpnf.com\/index.php\/2026\/03\/11\/petite-chronique-dapres-ciase-et-betharram-viii\/\">\t\t\t\t\t\t\t\t\tPetite chronique d\u2019apr\u00e8s Ciase et Betharram (VIII)\t\t\t\t\t\t\t\t<\/a>\t\t\t\t\t\t\t<\/h6>\n\n\t\t\t\t\t\t\t\n\t\t\t\t\t\t\t\n\t\t\t\t\t\t\t\n\t\t\t\t\t\t\t\n\t\t\t\t\t\t<\/div>\n\n\t\t\t\t\t<\/div>\n\n\t\t\t\t\t\n\t\t\t\t\n\t\t\t\t\t<div class=\"iw-so-article iw-so-no-thumb iw-so-blog-one-column iw-so-last-col\">\n\n\t\t\t\t\t\t<div class=\"iw-so-article-content\">\n\n\t\t\t\t\t\t\t\n\t\t\t\t\t\t\t\n\t\t\t\t\t\t\t<h6 class=\"iw-so-article-title iw-text-left\">\n\t\t\t\t\t\t\t\t<a href=\"https:\/\/asvpnf.com\/index.php\/2026\/03\/08\/elements-biographiques-de-pierre-jakez-helias\/\">\t\t\t\t\t\t\t\t\tEl\u00e9ments biographiques de Pierre  Jakez H\u00e9lias\t\t\t\t\t\t\t\t<\/a>\t\t\t\t\t\t\t<\/h6>\n\n\t\t\t\t\t\t\t\n\t\t\t\t\t\t\t\n\t\t\t\t\t\t\t\n\t\t\t\t\t\t\t\n\t\t\t\t\t\t<\/div>\n\n\t\t\t\t\t<\/div>\n\n\t\t\t\t\t\n\t\t\t\t\n\t\t\t\t\t<div class=\"iw-so-article iw-so-no-thumb iw-so-blog-one-column iw-so-last-col\">\n\n\t\t\t\t\t\t<div class=\"iw-so-article-content\">\n\n\t\t\t\t\t\t\t\n\t\t\t\t\t\t\t\n\t\t\t\t\t\t\t<h6 class=\"iw-so-article-title iw-text-left\">\n\t\t\t\t\t\t\t\t<a href=\"https:\/\/asvpnf.com\/index.php\/2026\/03\/08\/appel-solennel-de-lasvpnf\/\">\t\t\t\t\t\t\t\t\tAppel solennel de l\u2019ASVPNF\t\t\t\t\t\t\t\t<\/a>\t\t\t\t\t\t\t<\/h6>\n\n\t\t\t\t\t\t\t\n\t\t\t\t\t\t\t\n\t\t\t\t\t\t\t\n\t\t\t\t\t\t\t\n\t\t\t\t\t\t<\/div>\n\n\t\t\t\t\t<\/div>\n\n\t\t\t\t\t\n\t\t\t\t\n\t\t\t\t\t<div class=\"iw-so-article iw-so-no-thumb iw-so-blog-one-column iw-so-last-col\">\n\n\t\t\t\t\t\t<div class=\"iw-so-article-content\">\n\n\t\t\t\t\t\t\t\n\t\t\t\t\t\t\t\n\t\t\t\t\t\t\t<h6 class=\"iw-so-article-title iw-text-left\">\n\t\t\t\t\t\t\t\t<a href=\"https:\/\/asvpnf.com\/index.php\/2026\/03\/02\/a-propos-des-memoires-de-normalienne-de-jeanne-le-borgne\/\">\t\t\t\t\t\t\t\t\tA propos des m\u00e9moires de normalienne de Jeanne  Le Borgne\t\t\t\t\t\t\t\t<\/a>\t\t\t\t\t\t\t<\/h6>\n\n\t\t\t\t\t\t\t\n\t\t\t\t\t\t\t\n\t\t\t\t\t\t\t\n\t\t\t\t\t\t\t\n\t\t\t\t\t\t<\/div>\n\n\t\t\t\t\t<\/div>\n\n\t\t\t\t\t\n\t\t\t\t\n\t\t\t\t\t<div class=\"iw-so-article iw-so-no-thumb iw-so-blog-one-column iw-so-last-col\">\n\n\t\t\t\t\t\t<div class=\"iw-so-article-content\">\n\n\t\t\t\t\t\t\t\n\t\t\t\t\t\t\t\n\t\t\t\t\t\t\t<h6 class=\"iw-so-article-title iw-text-left\">\n\t\t\t\t\t\t\t\t<a href=\"https:\/\/asvpnf.com\/index.php\/2026\/03\/02\/reconstitution-dune-monographie-de-cfen\/\">\t\t\t\t\t\t\t\t\tReconstitution d&rsquo;une monographie de CFEN\u00a0\t\t\t\t\t\t\t\t<\/a>\t\t\t\t\t\t\t<\/h6>\n\n\t\t\t\t\t\t\t\n\t\t\t\t\t\t\t\n\t\t\t\t\t\t\t\n\t\t\t\t\t\t\t\n\t\t\t\t\t\t<\/div>\n\n\t\t\t\t\t<\/div>\n\n\t\t\t\t\t\n\t\t\t\t\n\t\t\t\t\t<div class=\"iw-so-article iw-so-no-thumb iw-so-blog-one-column iw-so-last-col\">\n\n\t\t\t\t\t\t<div class=\"iw-so-article-content\">\n\n\t\t\t\t\t\t\t\n\t\t\t\t\t\t\t\n\t\t\t\t\t\t\t<h6 class=\"iw-so-article-title iw-text-left\">\n\t\t\t\t\t\t\t\t<a href=\"https:\/\/asvpnf.com\/index.php\/2026\/02\/24\/rites-normaliens-du-bizutage\/\">\t\t\t\t\t\t\t\t\tRites normaliens : du bizutage \u00e0 l\u2019amiti\u00e9 ind\u00e9fectible ?\t\t\t\t\t\t\t\t<\/a>\t\t\t\t\t\t\t<\/h6>\n\n\t\t\t\t\t\t\t\n\t\t\t\t\t\t\t\n\t\t\t\t\t\t\t\n\t\t\t\t\t\t\t\n\t\t\t\t\t\t<\/div>\n\n\t\t\t\t\t<\/div>\n\n\t\t\t\t\t\n\t\t\t\t\n\t\t\t<\/div>\n\n\t\t\t\n\t\t<\/div>\n\n\t<\/div>\n\n\n<\/div><\/div><\/div><\/div><\/div><div id=\"pgc-28-0-3\"  class=\"panel-grid-cell panel-grid-cell-empty\" ><\/div><\/div><\/div><\/div>","protected":false},"excerpt":{"rendered":"<p>Les enseignants retrait\u00e9s, signataires de la pr\u00e9sente demande, anciens \u00e9l\u00e8ves-ma\u00eetres des \u00e9coles normales primaires du d\u00e9partement du Finist\u00e8re souhaitent tout d&rsquo;abord rappeler que toute soci\u00e9t\u00e9 est r\u00e9put\u00e9e avoir l&rsquo;\u00e9cole qu&rsquo;elle m\u00e9rite. Celle qui les concerne devrait prioritairement faire de l&rsquo;institution <a class=\"more-link\" href=\"https:\/\/asvpnf.com\/index.php\/2026\/02\/24\/rites-normaliens-du-bizutage\/\">En lire plus &#8230;<\/a><\/p>\n","protected":false},"author":4,"featured_media":0,"parent":0,"menu_order":0,"comment_status":"closed","ping_status":"closed","template":"","meta":{"spay_email":""},"_links":{"self":[{"href":"https:\/\/asvpnf.com\/index.php\/wp-json\/wp\/v2\/pages\/28"}],"collection":[{"href":"https:\/\/asvpnf.com\/index.php\/wp-json\/wp\/v2\/pages"}],"about":[{"href":"https:\/\/asvpnf.com\/index.php\/wp-json\/wp\/v2\/types\/page"}],"author":[{"embeddable":true,"href":"https:\/\/asvpnf.com\/index.php\/wp-json\/wp\/v2\/users\/4"}],"replies":[{"embeddable":true,"href":"https:\/\/asvpnf.com\/index.php\/wp-json\/wp\/v2\/comments?post=28"}],"version-history":[{"count":47,"href":"https:\/\/asvpnf.com\/index.php\/wp-json\/wp\/v2\/pages\/28\/revisions"}],"predecessor-version":[{"id":4359,"href":"https:\/\/asvpnf.com\/index.php\/wp-json\/wp\/v2\/pages\/28\/revisions\/4359"}],"wp:attachment":[{"href":"https:\/\/asvpnf.com\/index.php\/wp-json\/wp\/v2\/media?parent=28"}],"curies":[{"name":"wp","href":"https:\/\/api.w.org\/{rel}","templated":true}]}}