{"id":31,"date":"2016-03-16T17:05:53","date_gmt":"2016-03-16T16:05:53","guid":{"rendered":"http:\/\/asvpnf.com\/?page_id=31"},"modified":"2021-02-19T17:19:16","modified_gmt":"2021-02-19T16:19:16","slug":"adhesion","status":"publish","type":"page","link":"https:\/\/asvpnf.com\/index.php\/adhesion\/","title":{"rendered":"ADHESION"},"content":{"rendered":"<div id=\"pl-31\"  class=\"panel-layout\" ><div id=\"pg-31-0\"  class=\"panel-grid panel-has-style\" ><div class=\"siteorigin-panels-stretch panel-row-style panel-row-style-for-31-0\" data-stretch-type=\"full-stretched\" ><div id=\"pgc-31-0-0\"  class=\"panel-grid-cell panel-grid-cell-empty\" ><\/div><div id=\"pgc-31-0-1\"  class=\"panel-grid-cell\" ><div id=\"panel-31-0-1-0\" class=\"so-panel widget widget_sow-editor panel-first-child panel-last-child\" data-index=\"0\" ><div class=\"so-widget-sow-editor so-widget-sow-editor-base\">\n<div class=\"siteorigin-widget-tinymce textwidget\">\n\t<h4><span style=\"color: #ffffff;\">_<\/span><\/h4>\n<h4>\u2022 <strong>BULLETIN D'ADHESION<\/strong><\/h4>\n<p>Vous pouvez t\u00e9l\u00e9charger un bulletin d'adh\u00e9sion au format pdf en cliquant sur le lien ci-dessous :<\/p>\n<p><a href=\"http:\/\/asvpnf.com\/wp-content\/uploads\/2021\/02\/ASVPNF-Appel-a-cotisation-2021-Annote-1.pdf\">ASVPNF bulletin d'adhe\u0301sion 2021<\/a><\/p>\n<p><span style=\"color: #ffffff;\">-<\/span><\/p>\n<h4><strong>\u2022 STATUTS ET REGLEMENT DE L'ASSOCIATION<\/strong><\/h4>\n<p>Les statuts et le r\u00e8glement de l'association sont t\u00e9l\u00e9chargeables au format pdf en cliquant sur es liens ci-dessous :<\/p>\n<p><a href=\"http:\/\/asvpnf.com\/wp-content\/uploads\/2016\/03\/Statuts-ASVPNF.pdf\">Statuts ASVPNF<br \/>\n<\/a><a href=\"http:\/\/asvpnf.com\/wp-content\/uploads\/2016\/03\/Re\u0300glement-inte\u0301rieur-janvier-2016.-2e\u0300-version-1.doc\"><br \/>\nRe\u0300glement inte\u0301rieur<\/a><\/p>\n<p><span style=\"color: #ffffff;\">-<\/span><\/p>\n<h4><strong>\u2022 FLYER DE L'ASSOCIATION<\/strong><\/h4>\n<p><a href=\"http:\/\/asvpnf.com\/wp-content\/uploads\/2017\/05\/flyer-asvpnf-a\u0300-imprimer.pdf\">flyer asvpnf a\u0300 imprimer<\/a><\/p>\n<p><a href=\"http:\/\/asvpnf.com\/wp-content\/uploads\/2017\/05\/flyer-asvpnf-pour-e\u0301cran.pdf\">flyer asvpnf pour e\u0301cran<\/a><\/p>\n<\/div>\n<\/div><\/div><\/div><div id=\"pgc-31-0-2\"  class=\"panel-grid-cell panel-grid-cell-mobile-last\" ><div class=\"panel-cell-style panel-cell-style-for-31-0-2\" ><div id=\"panel-31-0-2-0\" class=\"so-panel widget widget_dc_jqverticalmegamenu_widget panel-first-child\" data-index=\"1\" ><div class=\"panel-widget-style panel-widget-style-for-31-0-2-0\" >\t\t<div class=\"dcjq-vertical-mega-menu\" id=\"dc_jqverticalmegamenu_widget-1-item\">\r\n\t\t\r\n\t\t<ul id=\"menu-menu-sidebar\" class=\"menu\"><li id=\"menu-item-2595\" class=\"menu-item menu-item-type-post_type menu-item-object-page menu-item-2595\"><a href=\"https:\/\/asvpnf.com\/index.php\/rechercher\/\">RECHERCHER&#8230;<\/a><\/li>\n<li id=\"menu-item-159\" class=\"menu-item menu-item-type-post_type menu-item-object-page menu-item-159\"><a href=\"https:\/\/asvpnf.com\/index.php\/faire-connaissance\/\">A PROPOS<\/a><\/li>\n<li id=\"menu-item-104\" class=\"menu-item menu-item-type-post_type menu-item-object-page menu-item-104\"><a href=\"https:\/\/asvpnf.com\/index.php\/adhesion\/\">ADHESION<\/a><\/li>\n<li id=\"menu-item-107\" class=\"menu-item menu-item-type-post_type menu-item-object-page menu-item-107\"><a href=\"https:\/\/asvpnf.com\/index.php\/contact\/\">CONTACT<\/a><\/li>\n<\/ul>\t\t\r\n\t\t<\/div>\r\n\t\t<\/div><\/div><div id=\"panel-31-0-2-1\" class=\"so-panel widget panel-last-child\" data-index=\"2\" ><div class=\"panel-widget-style panel-widget-style-for-31-0-2-1\" ><\/div><\/div><\/div><\/div><div id=\"pgc-31-0-3\"  class=\"panel-grid-cell panel-grid-cell-empty\" ><\/div><\/div><\/div><\/div>","protected":false},"excerpt":{"rendered":"<p>_ \u2022 BULLETIN D&rsquo;ADHESION Vous pouvez t\u00e9l\u00e9charger un bulletin d&rsquo;adh\u00e9sion au format pdf en cliquant sur le lien ci-dessous : ASVPNF bulletin d&rsquo;adhe\u0301sion 2021 &#8211; \u2022 STATUTS ET REGLEMENT DE L&rsquo;ASSOCIATION Les statuts et le r\u00e8glement de l&rsquo;association sont t\u00e9l\u00e9chargeables <a class=\"more-link\" href=\"https:\/\/asvpnf.com\/index.php\/adhesion\/\">En lire plus &#8230;<\/a><\/p>\n","protected":false},"author":4,"featured_media":0,"parent":0,"menu_order":0,"comment_status":"closed","ping_status":"closed","template":"","meta":{"spay_email":""},"_links":{"self":[{"href":"https:\/\/asvpnf.com\/index.php\/wp-json\/wp\/v2\/pages\/31"}],"collection":[{"href":"https:\/\/asvpnf.com\/index.php\/wp-json\/wp\/v2\/pages"}],"about":[{"href":"https:\/\/asvpnf.com\/index.php\/wp-json\/wp\/v2\/types\/page"}],"author":[{"embeddable":true,"href":"https:\/\/asvpnf.com\/index.php\/wp-json\/wp\/v2\/users\/4"}],"replies":[{"embeddable":true,"href":"https:\/\/asvpnf.com\/index.php\/wp-json\/wp\/v2\/comments?post=31"}],"version-history":[{"count":22,"href":"https:\/\/asvpnf.com\/index.php\/wp-json\/wp\/v2\/pages\/31\/revisions"}],"predecessor-version":[{"id":5728,"href":"https:\/\/asvpnf.com\/index.php\/wp-json\/wp\/v2\/pages\/31\/revisions\/5728"}],"wp:attachment":[{"href":"https:\/\/asvpnf.com\/index.php\/wp-json\/wp\/v2\/media?parent=31"}],"curies":[{"name":"wp","href":"https:\/\/api.w.org\/{rel}","templated":true}]}}