{"id":321,"date":"2016-04-13T14:53:56","date_gmt":"2016-04-13T13:53:56","guid":{"rendered":"http:\/\/asvpnf.com\/?page_id=321"},"modified":"2016-04-25T19:11:22","modified_gmt":"2016-04-25T18:11:22","slug":"mentions-legales","status":"publish","type":"page","link":"https:\/\/asvpnf.com\/index.php\/mentions-legales\/","title":{"rendered":"mentions l\u00e9gales"},"content":{"rendered":"<p style=\"text-align: justify;\" align=\"LEFT\"><span style=\"color: #ffffff;\">&#8211;<\/span><\/p>\n<p style=\"text-align: justify;\" align=\"LEFT\"><strong>ASVPNF<\/strong><br \/>\nAssociation (type loi de 1901),\u00a0\u00ab Association pour la Sauvegarde et la Valorisation du Patrimoine Normalien du Finist\u00e8re \u00bb d\u00e9clar\u00e9e en pr\u00e9fecture du Finist\u00e8re et inscrite au R\u00e9pertoire National des Associations sous le n\u00b0W294006546 et publi\u00e9e au JO de la R\u00e9publique Fran\u00e7aise du 27 f\u00e9vrier 2016. Son si\u00e8ge social est situ\u00e9 \u00e0 l\u2019adresse suivante\u00a0: ASVPNF, chez F. Larher, 20 rue de l\u2019Oc\u00e9an, 29780, Plouhinec.<\/p>\n<p style=\"text-align: justify;\" align=\"LEFT\"><strong>Directeur de la publication\u00a0&#8211; conception<br \/>\n<\/strong>Fran\u00e7ois Larher, Pr\u00e9sident de ASVPNF<br \/>\nMail\u00a0: francoislarher@yahoo.fr<br \/>\nT\u00e9l. : 06 80 87 48 40<\/p>\n<p style=\"text-align: justify;\" align=\"LEFT\"><strong>H\u00e9bergement<\/strong><br \/>\nLe site asvpnf.com est h\u00e9berg\u00e9 par\u00a0: OVH, SAS au capital de 10069020\u20ac, RCS Lille M\u00e9tropole 424\u00a0761\u00a0419 00045. Code APE: 2620Z. Adresse : 2 rue Kellermann, BP 80157, 59100 Roubaix. Site internet\u00a0: www.ovh.com<\/p>\n<p style=\"text-align: justify;\" align=\"LEFT\"><strong>Droit \u00e0 la propri\u00e9t\u00e9 intellectuelle et protection du contenu<br \/>\n<\/strong>Les contenus, les documents, photographies, images et informations diffus\u00e9s sur le site www.asvpnf.com sont la propri\u00e9t\u00e9 exclusive de leurs auteurs et sont utilis\u00e9es avec leur aimable autorisation.<br \/>\nLeur rediffusion partielle ou int\u00e9grale, sur tout support, sans l\u2019accord explicite de leurs auteurs est interdite. Il en est de m\u00eame pour toute modification ou alt\u00e9ration de ces documents en vue d\u2019une r\u00e9utilisation.<br \/>\nIls sont prot\u00e9g\u00e9s par les droits d\u2019auteur en r\u00e9f\u00e9rence \u00e0 l\u2019article L122-4 du Code de la propri\u00e9t\u00e9 intellectuelle\u00a0: \u00ab\u00a0toute repr\u00e9sentation ou reproduction int\u00e9grale ou partielle faite sans le consentement de l&rsquo;auteur ou de ses ayants droit ou ayants cause est illicite. Il en est de m\u00eame pour la traduction, l&rsquo;adaptation ou la transformation, l&rsquo;arrangement ou la reproduction par un art ou un proc\u00e9d\u00e9 quelconque. Ils peuvent \u00e9galement, s&rsquo;ils le souhaitent, signaler que les contenus peuvent \u00eatre reproduits, mais avec mention de la source et \u00e9ventuellement un lien pointant vers le contenu original.\u00a0\u00bb<br \/>\nTout projet d\u2019utilisation d\u2019information(s) pr\u00e9sent\u00e9e(s) sur le site doit faire l\u2019objet d\u2019une demande \u00e9crite d\u2019autorisation.<br \/>\n<em>NB : <\/em><em>Nous demandons syst\u00e9matiquement \u00e0 l&rsquo;auteur ou aux ayant-droit des oeuvres et documents publi\u00e9s sur le site leur autorisation. Toutefois si l\u2019un d\u2019entre eux, que nous n&rsquo;avons pas pu retrouver, constate la publication sur nos pages d&rsquo;une de ses oeuvres, il peut nous contacter en cliquant ici (lien vers le formulaire de contact) pour exercer ses droits d&rsquo;interdiction ou pour faire mentionner, en l\u00e9gende de l&rsquo;\u0153uvre, sa propri\u00e9t\u00e9 intellectuelle.<\/em><\/p>\n<p style=\"text-align: justify;\" align=\"LEFT\"><strong>Responsabilit\u00e9<\/strong><br \/>\nConform\u00e9ment aux termes de la loi LCEN du 22 juin 2004, ASVPNF d\u00e9cline toute responsabilit\u00e9 dans les dommages directs ou indirects susceptibles d\u2019\u00eatre caus\u00e9s aux mat\u00e9riels informatiques utilis\u00e9s par les visiteurs de son site. Il n\u2019endossera pas plus les dysfonctionnements ou pr\u00e9judices qui pourraient r\u00e9sulter d\u2019une intrusion frauduleuse d\u2019un tiers ayant entra\u00een\u00e9 la modification malveillante de contenus.<br \/>\nLes liens install\u00e9s dans ce site, en direction d\u2019internet n\u2019engagent en aucune fa\u00e7on ni ASVPNF, ni les concepteurs de son site.<\/p>\n<p style=\"text-align: justify;\" align=\"LEFT\"><strong>Cookies<\/strong><br \/>\nLe site utilise des cookies afin d&rsquo;am\u00e9liorer votre navigation et d&rsquo;effectuer le suivi de sa fr\u00e9quentation via les services Jetpack et NewStatpress. Il n&rsquo;utilise pas de cookies relatifs \u00e0 la publicit\u00e9. Vous avez la possibilit\u00e9 de d\u00e9sactiver et de supprimer les cookies en vous rendant dans les options de votre navigateur.<\/p>\n<p class=\"western\" style=\"text-align: justify;\" align=\"LEFT\">\n","protected":false},"excerpt":{"rendered":"<p>&#8211; ASVPNF Association (type loi de 1901),\u00a0\u00ab Association pour la Sauvegarde et la Valorisation du Patrimoine Normalien du Finist\u00e8re \u00bb d\u00e9clar\u00e9e en pr\u00e9fecture du Finist\u00e8re et inscrite au R\u00e9pertoire National des Associations sous le n\u00b0W294006546 et publi\u00e9e au JO de <a class=\"more-link\" href=\"https:\/\/asvpnf.com\/index.php\/mentions-legales\/\">En lire plus &#8230;<\/a><\/p>\n","protected":false},"author":4,"featured_media":0,"parent":0,"menu_order":0,"comment_status":"closed","ping_status":"closed","template":"","meta":{"spay_email":""},"_links":{"self":[{"href":"https:\/\/asvpnf.com\/index.php\/wp-json\/wp\/v2\/pages\/321"}],"collection":[{"href":"https:\/\/asvpnf.com\/index.php\/wp-json\/wp\/v2\/pages"}],"about":[{"href":"https:\/\/asvpnf.com\/index.php\/wp-json\/wp\/v2\/types\/page"}],"author":[{"embeddable":true,"href":"https:\/\/asvpnf.com\/index.php\/wp-json\/wp\/v2\/users\/4"}],"replies":[{"embeddable":true,"href":"https:\/\/asvpnf.com\/index.php\/wp-json\/wp\/v2\/comments?post=321"}],"version-history":[{"count":4,"href":"https:\/\/asvpnf.com\/index.php\/wp-json\/wp\/v2\/pages\/321\/revisions"}],"predecessor-version":[{"id":326,"href":"https:\/\/asvpnf.com\/index.php\/wp-json\/wp\/v2\/pages\/321\/revisions\/326"}],"wp:attachment":[{"href":"https:\/\/asvpnf.com\/index.php\/wp-json\/wp\/v2\/media?parent=321"}],"curies":[{"name":"wp","href":"https:\/\/api.w.org\/{rel}","templated":true}]}}