{"id":494,"date":"2016-05-06T19:31:38","date_gmt":"2016-05-06T18:31:38","guid":{"rendered":"http:\/\/asvpnf.com\/?page_id=494"},"modified":"2016-05-06T19:35:47","modified_gmt":"2016-05-06T18:35:47","slug":"albert-trividic-1909-1990","status":"publish","type":"page","link":"https:\/\/asvpnf.com\/index.php\/preserver-puis-sauvegarder\/albert-trividic-1909-1990\/","title":{"rendered":"ALBERT TRIVIDIC (1909-1990)*"},"content":{"rendered":"<p><span style=\"color: #ffffff;\">&#8211;<\/span><\/p>\n<p style=\"text-align: justify;\">Normalien quimp\u00e9rois de la promotion CHARLESTON (1929\u2026) puis instituteur public, A. Trividic retrace, dans un t\u00e9moignage, son implication de Franc-tireur et partisan (FTP) dans la R\u00e9sistance \u00e0 l\u2019occupation allemande (1940-1945) dans le Cap Sizun. Les visiteurs du site pourront \u00e9galement prendre connaissance de son \u00e9loge fun\u00e8bre prononc\u00e9 par P. Rainero, ancien adjoint au maire de la ville de Quimper**.<br \/>\n<em>*Titulaire de la m\u00e9daille comm\u00e9morative des Combattants Volontaires de la R\u00e9sistance.<\/em><br \/>\n<em>** D\u2019apr\u00e8s Yvonne Trividic-Bou\u00ebr ; L\u2019oubli ne sera pas leur second linceul, 2011, 1, 184-188 et 198-199, Presses de l\u2019Universit\u00e9 de Rennes 1, d\u00e9p\u00f4t l\u00e9gal mars 2011.<\/em><\/p>\n<p><img loading=\"lazy\" class=\"wp-image-493 alignleft\" src=\"http:\/\/asvpnf.com\/wp-content\/uploads\/2016\/04\/ALBERT-TRIVIDIC.jpg\" alt=\"ALBERT TRIVIDIC\" width=\"915\" height=\"6387\" srcset=\"https:\/\/asvpnf.com\/wp-content\/uploads\/2016\/04\/ALBERT-TRIVIDIC.jpg 709w, https:\/\/asvpnf.com\/wp-content\/uploads\/2016\/04\/ALBERT-TRIVIDIC-43x300.jpg 43w\" sizes=\"(max-width: 915px) 100vw, 915px\" \/><\/p>\n<p><img loading=\"lazy\" class=\"wp-image-495 alignleft\" src=\"http:\/\/asvpnf.com\/wp-content\/uploads\/2016\/05\/ALBERT-TRIVIDIC-2.jpg\" alt=\"ALBERT TRIVIDIC 2\" width=\"911\" height=\"2702\" srcset=\"https:\/\/asvpnf.com\/wp-content\/uploads\/2016\/05\/ALBERT-TRIVIDIC-2.jpg 709w, https:\/\/asvpnf.com\/wp-content\/uploads\/2016\/05\/ALBERT-TRIVIDIC-2-101x300.jpg 101w, https:\/\/asvpnf.com\/wp-content\/uploads\/2016\/05\/ALBERT-TRIVIDIC-2-345x1024.jpg 345w\" sizes=\"(max-width: 911px) 100vw, 911px\" \/><\/p>\n","protected":false},"excerpt":{"rendered":"<p>&#8211; Normalien quimp\u00e9rois de la promotion CHARLESTON (1929\u2026) puis instituteur public, A. Trividic retrace, dans un t\u00e9moignage, son implication de Franc-tireur et partisan (FTP) dans la R\u00e9sistance \u00e0 l\u2019occupation allemande (1940-1945) dans le Cap Sizun. Les visiteurs du site pourront <a class=\"more-link\" href=\"https:\/\/asvpnf.com\/index.php\/preserver-puis-sauvegarder\/albert-trividic-1909-1990\/\">En lire plus &#8230;<\/a><\/p>\n","protected":false},"author":4,"featured_media":0,"parent":75,"menu_order":1,"comment_status":"closed","ping_status":"closed","template":"","meta":{"spay_email":""},"_links":{"self":[{"href":"https:\/\/asvpnf.com\/index.php\/wp-json\/wp\/v2\/pages\/494"}],"collection":[{"href":"https:\/\/asvpnf.com\/index.php\/wp-json\/wp\/v2\/pages"}],"about":[{"href":"https:\/\/asvpnf.com\/index.php\/wp-json\/wp\/v2\/types\/page"}],"author":[{"embeddable":true,"href":"https:\/\/asvpnf.com\/index.php\/wp-json\/wp\/v2\/users\/4"}],"replies":[{"embeddable":true,"href":"https:\/\/asvpnf.com\/index.php\/wp-json\/wp\/v2\/comments?post=494"}],"version-history":[{"count":3,"href":"https:\/\/asvpnf.com\/index.php\/wp-json\/wp\/v2\/pages\/494\/revisions"}],"predecessor-version":[{"id":502,"href":"https:\/\/asvpnf.com\/index.php\/wp-json\/wp\/v2\/pages\/494\/revisions\/502"}],"up":[{"embeddable":true,"href":"https:\/\/asvpnf.com\/index.php\/wp-json\/wp\/v2\/pages\/75"}],"wp:attachment":[{"href":"https:\/\/asvpnf.com\/index.php\/wp-json\/wp\/v2\/media?parent=494"}],"curies":[{"name":"wp","href":"https:\/\/api.w.org\/{rel}","templated":true}]}}