{"id":506,"date":"2016-05-07T09:57:35","date_gmt":"2016-05-07T08:57:35","guid":{"rendered":"http:\/\/asvpnf.com\/?page_id=506"},"modified":"2016-05-07T09:58:09","modified_gmt":"2016-05-07T08:58:09","slug":"alain-signor-1905-1970","status":"publish","type":"page","link":"https:\/\/asvpnf.com\/index.php\/preserver-puis-sauvegarder\/alain-signor-1905-1970\/","title":{"rendered":"Alain Signor (1905-1970)"},"content":{"rendered":"<p><span style=\"color: #ffffff;\"><strong>&#8211;<\/strong><\/span><\/p>\n<p style=\"text-align: justify;\">Fils de paysans bigoudens, \u00e9l\u00e8ve-ma\u00eetre \u00e0 l\u2019\u00e9cole normale d\u2019instituteurs de Quimper (1921-1924) puis instituteur public militant au parti communiste, Alain Signor fut successivement \u00ab suspendu \u00bb, arr\u00eat\u00e9, intern\u00e9 puis r\u00e9voqu\u00e9 en 1940. Apr\u00e8s son \u00e9vasion du camp de Riom-\u00e8s-Montagnes (Cantal), il s\u2019impliqua dans la R\u00e9sistance. A la Lib\u00e9ration, il fut \u00e9lu d\u00e9put\u00e9 du Finist\u00e8re. Les visiteurs trouveront ici des extraits de la pr\u00e9face de l\u2019ouvrage intitul\u00e9 \u00ab La R\u00e9volution \u00e0 Pont-l\u2019Abb\u00e9 \u00bb qu\u2019il r\u00e9digea \u00e0 la fin de sa vie.<\/p>\n<div id=\"attachment_507\" style=\"width: 817px\" class=\"wp-caption aligncenter\"><img aria-describedby=\"caption-attachment-507\" loading=\"lazy\" class=\"wp-image-507 \" src=\"http:\/\/asvpnf.com\/wp-content\/uploads\/2016\/05\/Alain-Signor.jpg\" alt=\"Alain Signor\" width=\"807\" height=\"1805\" srcset=\"https:\/\/asvpnf.com\/wp-content\/uploads\/2016\/05\/Alain-Signor.jpg 567w, https:\/\/asvpnf.com\/wp-content\/uploads\/2016\/05\/Alain-Signor-134x300.jpg 134w, https:\/\/asvpnf.com\/wp-content\/uploads\/2016\/05\/Alain-Signor-458x1024.jpg 458w\" sizes=\"(max-width: 807px) 100vw, 807px\" \/><p id=\"caption-attachment-507\" class=\"wp-caption-text\">D\u2019apr\u00e8s Yves Le Gallo,Ma\u00eetre de Conf\u00e9rences \u00e0 la Facult\u00e9 des Lettres de Brest.<\/p><\/div>\n","protected":false},"excerpt":{"rendered":"<p>&#8211; Fils de paysans bigoudens, \u00e9l\u00e8ve-ma\u00eetre \u00e0 l\u2019\u00e9cole normale d\u2019instituteurs de Quimper (1921-1924) puis instituteur public militant au parti communiste, Alain Signor fut successivement \u00ab suspendu \u00bb, arr\u00eat\u00e9, intern\u00e9 puis r\u00e9voqu\u00e9 en 1940. Apr\u00e8s son \u00e9vasion du camp de Riom-\u00e8s-Montagnes <a class=\"more-link\" href=\"https:\/\/asvpnf.com\/index.php\/preserver-puis-sauvegarder\/alain-signor-1905-1970\/\">En lire plus &#8230;<\/a><\/p>\n","protected":false},"author":4,"featured_media":0,"parent":75,"menu_order":2,"comment_status":"closed","ping_status":"closed","template":"","meta":{"spay_email":""},"_links":{"self":[{"href":"https:\/\/asvpnf.com\/index.php\/wp-json\/wp\/v2\/pages\/506"}],"collection":[{"href":"https:\/\/asvpnf.com\/index.php\/wp-json\/wp\/v2\/pages"}],"about":[{"href":"https:\/\/asvpnf.com\/index.php\/wp-json\/wp\/v2\/types\/page"}],"author":[{"embeddable":true,"href":"https:\/\/asvpnf.com\/index.php\/wp-json\/wp\/v2\/users\/4"}],"replies":[{"embeddable":true,"href":"https:\/\/asvpnf.com\/index.php\/wp-json\/wp\/v2\/comments?post=506"}],"version-history":[{"count":1,"href":"https:\/\/asvpnf.com\/index.php\/wp-json\/wp\/v2\/pages\/506\/revisions"}],"predecessor-version":[{"id":508,"href":"https:\/\/asvpnf.com\/index.php\/wp-json\/wp\/v2\/pages\/506\/revisions\/508"}],"up":[{"embeddable":true,"href":"https:\/\/asvpnf.com\/index.php\/wp-json\/wp\/v2\/pages\/75"}],"wp:attachment":[{"href":"https:\/\/asvpnf.com\/index.php\/wp-json\/wp\/v2\/media?parent=506"}],"curies":[{"name":"wp","href":"https:\/\/api.w.org\/{rel}","templated":true}]}}