{"id":843,"date":"2016-07-06T14:45:21","date_gmt":"2016-07-06T13:45:21","guid":{"rendered":"http:\/\/asvpnf.com\/?page_id=843"},"modified":"2018-11-09T12:16:31","modified_gmt":"2018-11-09T11:16:31","slug":"traditions-normaliennes-ritualisees","status":"publish","type":"page","link":"https:\/\/asvpnf.com\/index.php\/cooperer\/traditions-normaliennes-ritualisees\/","title":{"rendered":"Traditions normaliennes ritualis\u00e9es"},"content":{"rendered":"<div id=\"pl-843\"  class=\"panel-layout\" ><div id=\"pg-843-0\"  class=\"panel-grid panel-has-style\" ><div class=\"siteorigin-panels-stretch panel-row-style panel-row-style-for-843-0\" data-stretch-type=\"full-stretched\" ><div id=\"pgc-843-0-0\"  class=\"panel-grid-cell panel-grid-cell-empty\" ><\/div><div id=\"pgc-843-0-1\"  class=\"panel-grid-cell\" ><div id=\"panel-843-0-1-0\" class=\"so-panel widget widget_ink-blog panel-first-child panel-last-child\" data-index=\"0\" ><div class=\"so-widget-ink-blog so-widget-ink-blog-thumb-none-c970013faefc\">\n\n\n\t<div class=\"iw-so-blog\">\n\n\t\t<div id=\"my-ajax-blog-widget\">\n\n\t\t\t<div class=\"iw-so-blog-container\">\n\n\t\t\t\t\n\t\t\t\t\t<div class=\"iw-so-article iw-so-no-thumb iw-so-blog-one-column iw-so-last-col\">\n\n\t\t\t\t\t\t<div class=\"iw-so-article-content\">\n\n\t\t\t\t\t\t\t\n\t\t\t\t\t\t\t\n\t\t\t\t\t\t\t<h3 class=\"iw-so-article-title iw-text-left\">\n\t\t\t\t\t\t\t\t\t\t\t\t\t\t\t\t\tTradition ritualis\u00e9e  des \u00e9coles normales primaires  du d\u00e9partement de la Meuse : \u00ab\u00a0La 509\u00a0\u00bb !\t\t\t\t\t\t\t\t\t\t\t\t\t\t\t<\/h3>\n\n\t\t\t\t\t\t\t\n\t\t\t\t\t\t\t\n\t\t\t\t\t\t\t\t<div class=\"iw-so-article-full\">\n\t\t\t\t\t\t\t\t\t<p class=\"x_ydpa34ed48cMsoNormal\"><span style=\"font-size: medium\"><b><span lang=\"EN-US\">Bien loin des pratiques du bizutage ou de l&rsquo;usinage qui ont d\u00e9j\u00e0 suscit\u00e9 quelques publications sur ce site, il s&rsquo;agit ici d&rsquo;une f\u00eate normalienne dont l&rsquo;origine demeure incertaine. Bien ancr\u00e9e dans la vie de l&rsquo;institution, elle\u00a0 marquait la mi-parcours de la scolarit\u00e9 normalienne du temps o\u00f9 elle se d\u00e9roulait en 3 ans. Elle fut \u00e9galement de rigueur lorsque la pr\u00e9paration des deux parties du baccalaur\u00e9at(en 3 ans) se prolongeait par la 4\u00e8 ann\u00e9e de formation professionnelle.\u00a0 Elle apportait, selon toute vraisemblance, une contribution \u00e0 la cr\u00e9ation d&rsquo;une dynamique de groupe et \u00e0 la fondation\u00a0 d&rsquo;une identit\u00e9 collective\u00a0 aux racines\u00a0 de\u00a0 l&rsquo;esprit normalien et de l&rsquo;esprit de corps des instituteurs son\u00a0 prolongement naturel.<\/span><\/b><\/span><\/p>\n<p class=\"x_ydpa34ed48cMsoNormal\"><span style=\"font-size: medium\"><b><span lang=\"EN-US\">Les visiteurs de ce site\u00a0 pourront d\u00e9couvrir, <span style=\"font-size: 14pt\"><a href=\"http:\/\/asvpnf.com\/wp-content\/uploads\/2021\/06\/Une-vieille-tradition-FL-509.pdf\" target=\"_blank\" rel=\"noopener\">en cliquant ici<\/a><\/span>, les\u00a0 pratiques festives et \u00e9mancipatrices\u00a0 correspondantes. Elles\u00a0 impliquaient, dans la plus grande humilit\u00e9, tant les \u00e9l\u00e8ves-ma\u00eetres et \u00e9l\u00e8ves-ma\u00eetresses que tous les personnels d&rsquo;encadrement\u00a0 de leurs Ecoles .<\/span><\/b><\/span><\/p>\n<div><span lang=\"EN-US\"><span style=\"font-size: medium\"><b>Que notre coll\u00e8gue et ami <i>Fernand Lambert<\/i> , Pr\u00e9sident de l&rsquo;Amicale des Anciens et Anciennes\u00a0 El\u00e8ves des EN, IUFM et ESPE du\u00a0 d\u00e9partement de La Meuse\u00a0 soit chaleureusement remerci\u00e9 de nous avoir permis de reproduire\u00a0 (partiellement) l&rsquo;article relatif \u00e0 \u00ab\u00a0La 509\u00a0\u00bb publi\u00e9 dans le num\u00e9ro 66 de mai 2021 de \u00ab\u00a0<i>La Voix des Anciens<\/i>\u00ab\u00a0, le Bulletin de l&rsquo;Amicale qu&rsquo;il pr\u00e9side.\u00a0 \u00a0 \u00a0 \u00a0 \u00a0<\/b><\/span><\/span><\/div>\n\t\t\t\t\t\t\t\t<\/div>\n\n\t\t\t\t\t\t\t\n\t\t\t\t\t\t\t\n\t\t\t\t\t\t\t\n\t\t\t\t\t\t<\/div>\n\n\t\t\t\t\t<\/div>\n\n\t\t\t\t\t\n\t\t\t\t\n\t\t\t\t\t<div class=\"iw-so-article iw-so-no-thumb iw-so-blog-one-column iw-so-last-col\">\n\n\t\t\t\t\t\t<div class=\"iw-so-article-content\">\n\n\t\t\t\t\t\t\t\n\t\t\t\t\t\t\t\n\t\t\t\t\t\t\t<h3 class=\"iw-so-article-title iw-text-left\">\n\t\t\t\t\t\t\t\t\t\t\t\t\t\t\t\t\tLundi 4 octobre  1954 ; la rentr\u00e9e (et ses suites) des \u00ab\u00a0laur\u00e9ats\u00a0\u00bb du concours d&rsquo;admission \u00e0 l&rsquo;ENG de QUIMPER racont\u00e9es et illustr\u00e9es par Andr\u00e9 Le Goff.\t\t\t\t\t\t\t\t\t\t\t\t\t\t\t<\/h3>\n\n\t\t\t\t\t\t\t\n\t\t\t\t\t\t\t\n\t\t\t\t\t\t\t\t<div class=\"iw-so-article-full\">\n\t\t\t\t\t\t\t\t\t<div dir=\"ltr\"><span style=\"font-size: medium\"><span style=\"font-size: medium\"><b>\u00a0 \u00a0 \u00a0<\/b><\/span><\/span><\/p>\n<div dir=\"ltr\"><span><span style=\"font-size: medium\"><b>Ce jour l\u00e0 en effet une bonne quarantaine de \u00ab\u00a0Bleus\u00a0\u00bb(\u00e2g\u00e9s de 16 ans) d\u00e9barquaient, avec armes et bagages, au 8 rue de Rosmadec pour un s\u00e9jour de 4 ann\u00e9es scolaires&#8230; aux frais de la R\u00e9publique.\u00a0\u00a0<\/b><\/span><\/span><\/div>\n<div dir=\"ltr\"><span><span style=\"font-size: medium\"><b>\u00a0<\/b><\/span><\/span><\/div>\n<div dir=\"ltr\"><span><span style=\"font-size: medium\"><b>\u00a0 \u00a0 \u00a0 Ils y furent accueillis par un comit\u00e9 ad hoc\u00a0 \u00a0constitu\u00e9 des anciens de la \u00ab\u00a0Maison\u00a0\u00bb dont la pr\u00e9venance , le sens de la fraternit\u00e9 et la permanence (sic ) ne tard\u00e8rent pas \u00e0 se manifester.\u00a0<i>A. le Goff\u00a0<\/i>\u00a0rapporte ici quelques uns de ses souvenirs relevant de \u00ab\u00a0l&rsquo;impossible m\u00e9moire du bizutage\u00a0 dans les Ecoles Normales\u00a0 d&rsquo;Instituteurs \u00ab\u00a0. Il s&rsquo;agit\u00a0 d&rsquo;une m\u00e9moire trop longtemps rest\u00e9e silencieuse\u00a0 qu&rsquo;il resterait \u00e0 reconstituer et \u00e0 restituer.\u00a0 Est-elle partie constitutive\u00a0 de l&rsquo;esprit normalien?<\/b><\/span><\/span><\/div>\n<div dir=\"ltr\"><span><span style=\"font-size: medium\"><b>\u00a0<\/b><\/span><\/span><\/div>\n<div dir=\"ltr\"><span><b>\u00a0 \u00a0 \u00a0Les visiteurs int\u00e9ress\u00e9s pourront consulter le r\u00e9cit illustr\u00e9 en question en<\/b><b> <\/b><b><span style=\"font-size: 14pt\"><a href=\"http:\/\/asvpnf.com\/wp-content\/uploads\/2020\/11\/ALG-Une-rentr\u00e9e-en-1954-def.pdf\" target=\"_blank\" rel=\"noopener noreferrer\">en cliquant ici<\/a><\/span>.\u00a0\u00a0<\/b><\/span><\/div>\n<div dir=\"ltr\"><span><span style=\"font-size: medium\"><b>\u00a0<\/b><\/span><\/span><\/div>\n<div dir=\"ltr\"><span><span style=\"font-size: medium\"><b>\u00a0 \u00a0 \u00a0On rappellera, pour contextualiser cette rentr\u00e9e parmi tant d&rsquo;autres, que le 10 octobre du m\u00eame mois d&rsquo;octobre 1954\u00a0 se d\u00e9clenchait l&rsquo;insurrection arm\u00e9e en\u00a0 Alg\u00e9rie, ceci n&rsquo;ayant rien \u00e0 voir avec ce qui pr\u00e9c\u00e8de -encore que les premi\u00e8res victimes\u00a0 de ce conflit furent des instituteurs.\u00a0<\/b><\/span><\/span><\/div>\n<div dir=\"ltr\"><span><span style=\"font-size: medium\"><b>\u00a0<\/b><\/span><\/span><\/div>\n<div dir=\"ltr\"><span><span style=\"font-size: medium\"><b>\u00a0 \u00a0 \u00a0Que notre ami\u00a0<i>A. Le Goff<\/i>\u00a0soit chaleureusement remerci\u00e9 pour son t\u00e9moignage mesur\u00e9\u00a0 sur des rites d&rsquo;int\u00e9gration, sans doute venus de loin, et transmis sans encombre de g\u00e9n\u00e9ration\u00a0 en g\u00e9n\u00e9ration\u00a0 de normaliens&#8230;\u00a0 \u00a0 \u00a0 \u00a0 \u00a0 \u00a0 \u00a0 \u00a0 \u00a0 \u00a0\u00a0<\/b><\/span><\/span><\/div>\n<div><\/div>\n<\/div>\n\t\t\t\t\t\t\t\t<\/div>\n\n\t\t\t\t\t\t\t\n\t\t\t\t\t\t\t\n\t\t\t\t\t\t\t\n\t\t\t\t\t\t<\/div>\n\n\t\t\t\t\t<\/div>\n\n\t\t\t\t\t\n\t\t\t\t\n\t\t\t\t\t<div class=\"iw-so-article iw-so-no-thumb iw-so-blog-one-column iw-so-last-col\">\n\n\t\t\t\t\t\t<div class=\"iw-so-article-content\">\n\n\t\t\t\t\t\t\t\n\t\t\t\t\t\t\t\n\t\t\t\t\t\t\t<h3 class=\"iw-so-article-title iw-text-left\">\n\t\t\t\t\t\t\t\t\t\t\t\t\t\t\t\t\tSur l&rsquo;existence d&rsquo;un groupe foklorique mixte \u00e0 l&rsquo;ENF et l&rsquo;ENG de Quimper au d\u00e9but des ann\u00e9es 50!\t\t\t\t\t\t\t\t\t\t\t\t\t\t\t<\/h3>\n\n\t\t\t\t\t\t\t\n\t\t\t\t\t\t\t\n\t\t\t\t\t\t\t\t<div class=\"iw-so-article-full\">\n\t\t\t\t\t\t\t\t\t<div style=\"text-align: justify;\">Les abonn\u00e9s et visiteurs du site pourront consulter ici\u00a0une\u00a0photo in\u00e9dite de ce groupe\u00a0 de danses bretonnes que d&rsquo;aucuns pratiqu\u00e8rent dans leurs jeunes ann\u00e9es. Le combat cessa faute de combattantes et de combattants&#8230;<\/div>\n<div style=\"text-align: justify;\">Que notre ami LOZAC&rsquo;H (promotion ARMOR, 1950-1954) soit remerci\u00e9 chaleureusement pour la mise \u00e0 disposition de l&rsquo;Association de la photo \u00ab\u00a0in\u00e9dite\u00a0\u00bb de trois des \u00e9l\u00e9ments de ce groupe. Le sonneur de biniou qui s&rsquo;y reconna\u00eetra fut l&rsquo;un des fondateurs du bagad de l&rsquo;ENG.<\/div>\n<div><img loading=\"lazy\" class=\"aligncenter size-full wp-image-3339\" src=\"http:\/\/asvpnf.com\/wp-content\/uploads\/2019\/01\/Groupe-folklorique-des-2-EN-de-Quimper.jpg\" alt=\"\" width=\"421\" height=\"632\" srcset=\"https:\/\/asvpnf.com\/wp-content\/uploads\/2019\/01\/Groupe-folklorique-des-2-EN-de-Quimper.jpg 421w, https:\/\/asvpnf.com\/wp-content\/uploads\/2019\/01\/Groupe-folklorique-des-2-EN-de-Quimper-200x300.jpg 200w, https:\/\/asvpnf.com\/wp-content\/uploads\/2019\/01\/Groupe-folklorique-des-2-EN-de-Quimper-250x375.jpg 250w, https:\/\/asvpnf.com\/wp-content\/uploads\/2019\/01\/Groupe-folklorique-des-2-EN-de-Quimper-120x180.jpg 120w, https:\/\/asvpnf.com\/wp-content\/uploads\/2019\/01\/Groupe-folklorique-des-2-EN-de-Quimper-333x500.jpg 333w\" sizes=\"(max-width: 421px) 100vw, 421px\" \/><\/div>\n\t\t\t\t\t\t\t\t<\/div>\n\n\t\t\t\t\t\t\t\n\t\t\t\t\t\t\t\n\t\t\t\t\t\t\t\n\t\t\t\t\t\t<\/div>\n\n\t\t\t\t\t<\/div>\n\n\t\t\t\t\t\n\t\t\t\t\n\t\t\t\t\t<div class=\"iw-so-article iw-so-no-thumb iw-so-blog-one-column iw-so-last-col\">\n\n\t\t\t\t\t\t<div class=\"iw-so-article-content\">\n\n\t\t\t\t\t\t\t\n\t\t\t\t\t\t\t\n\t\t\t\t\t\t\t<h3 class=\"iw-so-article-title iw-text-left\">\n\t\t\t\t\t\t\t\t\t\t\t\t\t\t\t\t\tLes anciens normaliens de la Promotion ETINCELLE (1954-1958) se retrouvent, 60 ans apr\u00e8s leur entr\u00e9e \u00e0 l&rsquo;ENG, pour partager un\u00a0repas de\u00a0promotion\u00e0 Plougasnou\t\t\t\t\t\t\t\t\t\t\t\t\t\t\t<\/h3>\n\n\t\t\t\t\t\t\t\n\t\t\t\t\t\t\t\n\t\t\t\t\t\t\t\t<div class=\"iw-so-article-full\">\n\t\t\t\t\t\t\t\t\t<p id=\"yui_3_16_0_ym19_1_1499342773571_3207\" dir=\"ltr\" style=\"text-align: justify;\">A cette occasion, la chorale mixte dite des \u00a0\u00bb Gaillards d&rsquo;Avant\u00a0\u00bb \u00a0a pr\u00e9sent\u00e9 les pi\u00e8ces ma\u00eetresses de son r\u00e9pertoire, sous la houlette de son ma\u00eetre de chants Andr\u00e9 Corbique. De plus en 2014 un diaporama, r\u00e9alis\u00e9 par Mme Cohuet, rappelant diff\u00e9rents \u00e9pisodes de nos vies normalienne et post-normalienne fut visionn\u00e9. Les visiteurs int\u00e9ress\u00e9s le trouveront<span id=\"yui_3_16_0_ym19_1_1499342773571_3934\"> ici<\/span>.<i id=\"yui_3_16_0_ym19_1_1499342773571_4390\">Les artistes concern\u00e9s \u00a0ont accord\u00e9 \u00e0 l&rsquo;association le droit de publier les photos les concernant. Les crobars incorpor\u00e9s au diaporama sont de Andr\u00e9 Le Goff.<\/i><\/p>\n<div dir=\"ltr\"><\/div>\n<div dir=\"ltr\"><em>(Cliquer sur la fl\u00e8che rouge au centre de l&rsquo;image pour d\u00e9marrer la lecture du diaporama)<\/em><\/div>\n<p><iframe loading=\"lazy\" width=\"860\" height=\"645\" src=\"https:\/\/www.youtube.com\/embed\/a1ZWuPwUrMI?feature=oembed\" frameborder=\"0\" allow=\"autoplay; encrypted-media\" allowfullscreen><\/iframe><\/p>\n<div id=\"yui_3_16_0_ym19_1_1499342773571_3207\" dir=\"ltr\"><\/div>\n<div dir=\"ltr\"><\/div>\n<div dir=\"ltr\"><\/div>\n\t\t\t\t\t\t\t\t<\/div>\n\n\t\t\t\t\t\t\t\n\t\t\t\t\t\t\t\n\t\t\t\t\t\t\t\n\t\t\t\t\t\t<\/div>\n\n\t\t\t\t\t<\/div>\n\n\t\t\t\t\t\n\t\t\t\t\n\t\t\t<\/div>\n\n\t\t\t\n\t\t\t\t\t<h3 class=\"screen-reader-text\">Posts Navigation<\/h3>\n\t\t\t<nav id='iw-so-blog-pagination' class=\"iw-so-blog-pagination iw-so-blog-prev-next iw-so-navi-btn iw-so-navi-btn-hover iw-so-navi-btn-click\" role=\"navigation\">\n\t\t\t\t<ul>\n\t\t\t\t\t<li class=\"iw-so-blog-previous\"><\/li>\n\t\t\t\t\t<li class=\"iw-so-blog-next\"><\/li>\n\t\t\t\t<\/ul>\n\t\t\t<\/nav>\n\t\t\n\t\t\n\t\n\t\t<\/div>\n\n\t<\/div>\n\n\n<\/div><\/div><\/div><div id=\"pgc-843-0-2\"  class=\"panel-grid-cell panel-grid-cell-mobile-last\" ><div class=\"panel-cell-style panel-cell-style-for-843-0-2\" ><div id=\"panel-843-0-2-0\" class=\"so-panel widget widget_dc_jqverticalmegamenu_widget panel-first-child\" data-index=\"1\" ><div class=\"panel-widget-style panel-widget-style-for-843-0-2-0\" >\t\t<div class=\"dcjq-vertical-mega-menu\" id=\"dc_jqverticalmegamenu_widget-1-item\">\r\n\t\t\r\n\t\t<ul id=\"menu-menu-sidebar\" class=\"menu\"><li id=\"menu-item-2595\" class=\"menu-item menu-item-type-post_type menu-item-object-page menu-item-2595\"><a href=\"https:\/\/asvpnf.com\/index.php\/rechercher\/\">RECHERCHER&#8230;<\/a><\/li>\n<li id=\"menu-item-159\" class=\"menu-item menu-item-type-post_type menu-item-object-page menu-item-159\"><a href=\"https:\/\/asvpnf.com\/index.php\/faire-connaissance\/\">A PROPOS<\/a><\/li>\n<li id=\"menu-item-104\" class=\"menu-item menu-item-type-post_type menu-item-object-page menu-item-104\"><a href=\"https:\/\/asvpnf.com\/index.php\/adhesion\/\">ADHESION<\/a><\/li>\n<li id=\"menu-item-107\" class=\"menu-item menu-item-type-post_type menu-item-object-page menu-item-107\"><a href=\"https:\/\/asvpnf.com\/index.php\/contact\/\">CONTACT<\/a><\/li>\n<\/ul>\t\t\r\n\t\t<\/div>\r\n\t\t<\/div><\/div><div id=\"panel-843-0-2-1\" class=\"so-panel widget\" data-index=\"2\" ><div class=\"panel-widget-style panel-widget-style-for-843-0-2-1\" ><\/div><\/div><div id=\"panel-843-0-2-2\" class=\"so-panel widget widget_ink-blog panel-last-child\" data-index=\"3\" ><div class=\"liste-articles panel-widget-style panel-widget-style-for-843-0-2-2\" id=\"liste-articles\" ><div class=\"so-widget-ink-blog so-widget-ink-blog-thumb-none-7057433e61dc\">\n<h3 class=\"widget-title\">ARTICLES<\/h3>\n\n\t<div class=\"iw-so-blog\">\n\n\t\t<div id=\"my-ajax-blog-widget\">\n\n\t\t\t<div class=\"iw-so-blog-container\">\n\n\t\t\t\t\n\t\t\t\t\t<div class=\"iw-so-article iw-so-no-thumb iw-so-blog-one-column iw-so-last-col\">\n\n\t\t\t\t\t\t<div class=\"iw-so-article-content\">\n\n\t\t\t\t\t\t\t\n\t\t\t\t\t\t\t\n\t\t\t\t\t\t\t<h6 class=\"iw-so-article-title iw-text-left\">\n\t\t\t\t\t\t\t\t<a href=\"https:\/\/asvpnf.com\/index.php\/2021\/06\/15\/tradition-ritualisee-des-ecoles-normales-primaires-du-departement-de-la-meuse-la-509\/\">\t\t\t\t\t\t\t\t\tTradition ritualis\u00e9e  des \u00e9coles normales primaires  du d\u00e9partement de la Meuse : \u00ab\u00a0La 509\u00a0\u00bb !\t\t\t\t\t\t\t\t<\/a>\t\t\t\t\t\t\t<\/h6>\n\n\t\t\t\t\t\t\t\n\t\t\t\t\t\t\t\n\t\t\t\t\t\t\t\n\t\t\t\t\t\t\t\n\t\t\t\t\t\t<\/div>\n\n\t\t\t\t\t<\/div>\n\n\t\t\t\t\t\n\t\t\t\t\n\t\t\t\t\t<div class=\"iw-so-article iw-so-no-thumb iw-so-blog-one-column iw-so-last-col\">\n\n\t\t\t\t\t\t<div class=\"iw-so-article-content\">\n\n\t\t\t\t\t\t\t\n\t\t\t\t\t\t\t\n\t\t\t\t\t\t\t<h6 class=\"iw-so-article-title iw-text-left\">\n\t\t\t\t\t\t\t\t<a href=\"https:\/\/asvpnf.com\/index.php\/2020\/11\/20\/lundi-4-octobre-1954-la-rentree-et-ses-suites-des-laureats-du-concours-dadmission-a-leng-de-quimper-racontees-et-illustrees-par-andre-le-goff\/\">\t\t\t\t\t\t\t\t\tLundi 4 octobre  1954 ; la rentr\u00e9e (et ses suites) des \u00ab\u00a0laur\u00e9ats\u00a0\u00bb du concours d&rsquo;admission \u00e0 l&rsquo;ENG de QUIMPER racont\u00e9es et illustr\u00e9es par Andr\u00e9 Le Goff.\t\t\t\t\t\t\t\t<\/a>\t\t\t\t\t\t\t<\/h6>\n\n\t\t\t\t\t\t\t\n\t\t\t\t\t\t\t\n\t\t\t\t\t\t\t\n\t\t\t\t\t\t\t\n\t\t\t\t\t\t<\/div>\n\n\t\t\t\t\t<\/div>\n\n\t\t\t\t\t\n\t\t\t\t\n\t\t\t\t\t<div class=\"iw-so-article iw-so-no-thumb iw-so-blog-one-column iw-so-last-col\">\n\n\t\t\t\t\t\t<div class=\"iw-so-article-content\">\n\n\t\t\t\t\t\t\t\n\t\t\t\t\t\t\t\n\t\t\t\t\t\t\t<h6 class=\"iw-so-article-title iw-text-left\">\n\t\t\t\t\t\t\t\t<a href=\"https:\/\/asvpnf.com\/index.php\/2019\/01\/05\/sur-lexistence-dun-groupe-foklorique-mixte-a-lenf-et-leng-de-quimper-au-debut-des-annees-50\/\">\t\t\t\t\t\t\t\t\tSur l&rsquo;existence d&rsquo;un groupe foklorique mixte \u00e0 l&rsquo;ENF et l&rsquo;ENG de Quimper au d\u00e9but des ann\u00e9es 50!\t\t\t\t\t\t\t\t<\/a>\t\t\t\t\t\t\t<\/h6>\n\n\t\t\t\t\t\t\t\n\t\t\t\t\t\t\t\n\t\t\t\t\t\t\t\n\t\t\t\t\t\t\t\n\t\t\t\t\t\t<\/div>\n\n\t\t\t\t\t<\/div>\n\n\t\t\t\t\t\n\t\t\t\t\n\t\t\t<\/div>\n\n\t\t\t\n\t\t\t\t\t<h3 class=\"screen-reader-text\">Posts Navigation<\/h3>\n\t\t\t<nav id='iw-so-blog-pagination' class=\"iw-so-blog-pagination iw-so-blog-prev-next iw-so-navi-btn iw-so-navi-btn-hover iw-so-navi-btn-click\" role=\"navigation\">\n\t\t\t\t<ul>\n\t\t\t\t\t<li class=\"iw-so-blog-previous\"><\/li>\n\t\t\t\t\t<li class=\"iw-so-blog-next\"><\/li>\n\t\t\t\t<\/ul>\n\t\t\t<\/nav>\n\t\t\n\t\t\n\t\n\t\t<\/div>\n\n\t<\/div>\n\n\n<\/div><\/div><\/div><\/div><\/div><div id=\"pgc-843-0-3\"  class=\"panel-grid-cell panel-grid-cell-empty\" ><\/div><\/div><\/div><\/div>","protected":false},"excerpt":{"rendered":"","protected":false},"author":4,"featured_media":0,"parent":81,"menu_order":7,"comment_status":"closed","ping_status":"closed","template":"","meta":{"spay_email":""},"_links":{"self":[{"href":"https:\/\/asvpnf.com\/index.php\/wp-json\/wp\/v2\/pages\/843"}],"collection":[{"href":"https:\/\/asvpnf.com\/index.php\/wp-json\/wp\/v2\/pages"}],"about":[{"href":"https:\/\/asvpnf.com\/index.php\/wp-json\/wp\/v2\/types\/page"}],"author":[{"embeddable":true,"href":"https:\/\/asvpnf.com\/index.php\/wp-json\/wp\/v2\/users\/4"}],"replies":[{"embeddable":true,"href":"https:\/\/asvpnf.com\/index.php\/wp-json\/wp\/v2\/comments?post=843"}],"version-history":[{"count":10,"href":"https:\/\/asvpnf.com\/index.php\/wp-json\/wp\/v2\/pages\/843\/revisions"}],"predecessor-version":[{"id":3210,"href":"https:\/\/asvpnf.com\/index.php\/wp-json\/wp\/v2\/pages\/843\/revisions\/3210"}],"up":[{"embeddable":true,"href":"https:\/\/asvpnf.com\/index.php\/wp-json\/wp\/v2\/pages\/81"}],"wp:attachment":[{"href":"https:\/\/asvpnf.com\/index.php\/wp-json\/wp\/v2\/media?parent=843"}],"curies":[{"name":"wp","href":"https:\/\/api.w.org\/{rel}","templated":true}]}}