{"id":846,"date":"2016-07-06T14:46:46","date_gmt":"2016-07-06T13:46:46","guid":{"rendered":"http:\/\/asvpnf.com\/?page_id=846"},"modified":"2018-11-09T12:19:29","modified_gmt":"2018-11-09T11:19:29","slug":"bizutage-et-rites-humiliants","status":"publish","type":"page","link":"https:\/\/asvpnf.com\/index.php\/cooperer\/traditions-normaliennes-ritualisees\/bizutage-et-rites-humiliants\/","title":{"rendered":"Bizutage et rites humiliants"},"content":{"rendered":"<div id=\"pl-846\"  class=\"panel-layout\" ><div id=\"pg-846-0\"  class=\"panel-grid panel-has-style\" ><div class=\"siteorigin-panels-stretch panel-row-style panel-row-style-for-846-0\" data-stretch-type=\"full-stretched\" ><div id=\"pgc-846-0-0\"  class=\"panel-grid-cell panel-grid-cell-empty\" ><\/div><div id=\"pgc-846-0-1\"  class=\"panel-grid-cell\" ><div id=\"panel-846-0-1-0\" class=\"so-panel widget widget_ink-blog panel-first-child panel-last-child\" data-index=\"0\" ><div class=\"so-widget-ink-blog so-widget-ink-blog-thumb-none-c970013faefc\">\n\n\n\t<div class=\"iw-so-blog\">\n\n\t\t<div id=\"my-ajax-blog-widget\">\n\n\t\t\t<div class=\"iw-so-blog-container\">\n\n\t\t\t\t\n\t\t\t\t\t<div class=\"iw-so-article iw-so-no-thumb iw-so-blog-one-column iw-so-last-col\">\n\n\t\t\t\t\t\t<div class=\"iw-so-article-content\">\n\n\t\t\t\t\t\t\t\n\t\t\t\t\t\t\t\n\t\t\t\t\t\t\t<h3 class=\"iw-so-article-title iw-text-left\">\n\t\t\t\t\t\t\t\t\t\t\t\t\t\t\t\t\tRites normaliens : du bizutage \u00e0 l\u2019amiti\u00e9 ind\u00e9fectible ?\t\t\t\t\t\t\t\t\t\t\t\t\t\t\t<\/h3>\n\n\t\t\t\t\t\t\t\n\t\t\t\t\t\t\t\n\t\t\t\t\t\t\t\t<div class=\"iw-so-article-full\">\n\t\t\t\t\t\t\t\t\t<div>\n<div><span style=\"font-size: 14pt\"><span lang=\"EN-US\" style=\"font-family: arial, helvetica, sans-serif\">\u00a0 \u00a0 \u00a0<strong><span style=\"font-size: 18pt\">C<\/span><\/strong>es pratiques d&rsquo;un autre temps, d\u00e9sormais r\u00e9prim\u00e9es par la loi,eurent cours, par le pass\u00e9, dans la plupart des \u00c9coles normales primaires de France. On disait qu&rsquo;elles \u00e9taient \u00e0 l&rsquo;origine de certains traits\u00a0 de l&rsquo;esprit normalien lui-m\u00eame fondateur de l&rsquo;esprit de corps des Instituteurs et des Institutrices publics&#8230; En r\u00e9alit\u00e9 les \u00c9coles normales primaires ayant fait l&rsquo;objet d&rsquo;une suppression pure et simple en 1989 ( Loi Jospin),les dites pratiques\u00a0 appartiennent d\u00e9sormais \u00e0 l&rsquo;histoire des \u00c9coles normales, contribuant \u00e0 meubler le patrimoine immat\u00e9riel qu&rsquo;elles eurent l&rsquo;honneur de constituer puis de porter sur la base des Lois scolaires de la 3\u00e8 R\u00e9publique. Il est d\u00e9sormais difficile d&rsquo;en appr\u00e9hender les\u00a0 pr\u00e9mices , les archives normaliennes ayant fait l&rsquo;objet de plusieurs dispersions, sans doute pr\u00e9judiciables \u00e0 l&rsquo;int\u00e9grit\u00e9 de ce\u00a0 que d&rsquo;aucuns\u00a0 seraient tent\u00e9s de\u00a0 qualifier de \u00ab\u00a0petit patrimoine\u00a0\u00bb. Mais ceci n&rsquo;engage pas n\u00e9cessairement tous les protagonistes survivants d&rsquo;une \u00e9poque r\u00e9volue et profond\u00e9ment attach\u00e9s \u00e0 une m\u00e9moire persistante aux racines souvent\u00a0 traumatiques&#8230;<\/span><\/span><\/div>\n<\/div>\n<div dir=\"ltr\"><\/div>\n<div dir=\"ltr\"><span style=\"font-family: arial, helvetica, sans-serif;font-size: 14pt\">A l&rsquo;ASVPNF on consid\u00e8re que\u00a0 ces traditions restent\u00a0 \u00e0 remettre\u00a0 en lumi\u00e8re avant\u00a0 que le temps\u00a0 ou\u00a0 que des choix politiques\u00a0 d\u00e9lib\u00e9r\u00e9s n&rsquo;imposent des proc\u00e9dures d&rsquo;oubli \u00e0 leur encontre .<\/span><\/div>\n<div dir=\"ltr\"><span style=\"font-family: arial, helvetica, sans-serif;font-size: 14pt\">\u00a0<\/span><\/div>\n<div dir=\"ltr\"><span style=\"font-family: arial, helvetica, sans-serif;font-size: 14pt\">Les visiteurs de ce site pourront consulter \u00e0 ce propos, <strong><a href=\"http:\/\/asvpnf.com\/wp-content\/uploads\/2026\/02\/Rites-normaliens-DEF.pdf\" target=\"_blank\" rel=\"noopener\"><span style=\"font-size: 18pt\">en cliquant ici<\/span><\/a><\/strong><span style=\"color: #4c76a2\">, <\/span>une br\u00e8ve mise au point\u00a0 qui permet d&rsquo;appr\u00e9hender certains des effets des traditions ritualis\u00e9es sur l&rsquo;esprit normalien et sur la repr\u00e9sentation que l&rsquo;on peut en avoir .\u00a0<\/span><\/div>\n\t\t\t\t\t\t\t\t<\/div>\n\n\t\t\t\t\t\t\t\n\t\t\t\t\t\t\t\n\t\t\t\t\t\t\t\n\t\t\t\t\t\t<\/div>\n\n\t\t\t\t\t<\/div>\n\n\t\t\t\t\t\n\t\t\t\t\n\t\t\t\t\t<div class=\"iw-so-article iw-so-no-thumb iw-so-blog-one-column iw-so-last-col\">\n\n\t\t\t\t\t\t<div class=\"iw-so-article-content\">\n\n\t\t\t\t\t\t\t\n\t\t\t\t\t\t\t\n\t\t\t\t\t\t\t<h3 class=\"iw-so-article-title iw-text-left\">\n\t\t\t\t\t\t\t\t\t\t\t\t\t\t\t\t\tLundi 4 octobre  1954 ; la rentr\u00e9e (et ses suites) des \u00ab\u00a0laur\u00e9ats\u00a0\u00bb du concours d&rsquo;admission \u00e0 l&rsquo;ENG de QUIMPER racont\u00e9es et illustr\u00e9es par Andr\u00e9 Le Goff.\t\t\t\t\t\t\t\t\t\t\t\t\t\t\t<\/h3>\n\n\t\t\t\t\t\t\t\n\t\t\t\t\t\t\t\n\t\t\t\t\t\t\t\t<div class=\"iw-so-article-full\">\n\t\t\t\t\t\t\t\t\t<div dir=\"ltr\"><span style=\"font-size: medium\"><span style=\"font-size: medium\"><b>\u00a0 \u00a0 \u00a0<\/b><\/span><\/span><\/p>\n<div dir=\"ltr\"><span><span style=\"font-size: medium\"><b>Ce jour l\u00e0 en effet une bonne quarantaine de \u00ab\u00a0Bleus\u00a0\u00bb(\u00e2g\u00e9s de 16 ans) d\u00e9barquaient, avec armes et bagages, au 8 rue de Rosmadec pour un s\u00e9jour de 4 ann\u00e9es scolaires&#8230; aux frais de la R\u00e9publique.\u00a0\u00a0<\/b><\/span><\/span><\/div>\n<div dir=\"ltr\"><span><span style=\"font-size: medium\"><b>\u00a0<\/b><\/span><\/span><\/div>\n<div dir=\"ltr\"><span><span style=\"font-size: medium\"><b>\u00a0 \u00a0 \u00a0 Ils y furent accueillis par un comit\u00e9 ad hoc\u00a0 \u00a0constitu\u00e9 des anciens de la \u00ab\u00a0Maison\u00a0\u00bb dont la pr\u00e9venance , le sens de la fraternit\u00e9 et la permanence (sic ) ne tard\u00e8rent pas \u00e0 se manifester.\u00a0<i>A. le Goff\u00a0<\/i>\u00a0rapporte ici quelques uns de ses souvenirs relevant de \u00ab\u00a0l&rsquo;impossible m\u00e9moire du bizutage\u00a0 dans les Ecoles Normales\u00a0 d&rsquo;Instituteurs \u00ab\u00a0. Il s&rsquo;agit\u00a0 d&rsquo;une m\u00e9moire trop longtemps rest\u00e9e silencieuse\u00a0 qu&rsquo;il resterait \u00e0 reconstituer et \u00e0 restituer.\u00a0 Est-elle partie constitutive\u00a0 de l&rsquo;esprit normalien?<\/b><\/span><\/span><\/div>\n<div dir=\"ltr\"><span><span style=\"font-size: medium\"><b>\u00a0<\/b><\/span><\/span><\/div>\n<div dir=\"ltr\"><span><b>\u00a0 \u00a0 \u00a0Les visiteurs int\u00e9ress\u00e9s pourront consulter le r\u00e9cit illustr\u00e9 en question en<\/b><b> <\/b><b><span style=\"font-size: 14pt\"><a href=\"http:\/\/asvpnf.com\/wp-content\/uploads\/2020\/11\/ALG-Une-rentr\u00e9e-en-1954-def.pdf\" target=\"_blank\" rel=\"noopener noreferrer\">en cliquant ici<\/a><\/span>.\u00a0\u00a0<\/b><\/span><\/div>\n<div dir=\"ltr\"><span><span style=\"font-size: medium\"><b>\u00a0<\/b><\/span><\/span><\/div>\n<div dir=\"ltr\"><span><span style=\"font-size: medium\"><b>\u00a0 \u00a0 \u00a0On rappellera, pour contextualiser cette rentr\u00e9e parmi tant d&rsquo;autres, que le 10 octobre du m\u00eame mois d&rsquo;octobre 1954\u00a0 se d\u00e9clenchait l&rsquo;insurrection arm\u00e9e en\u00a0 Alg\u00e9rie, ceci n&rsquo;ayant rien \u00e0 voir avec ce qui pr\u00e9c\u00e8de -encore que les premi\u00e8res victimes\u00a0 de ce conflit furent des instituteurs.\u00a0<\/b><\/span><\/span><\/div>\n<div dir=\"ltr\"><span><span style=\"font-size: medium\"><b>\u00a0<\/b><\/span><\/span><\/div>\n<div dir=\"ltr\"><span><span style=\"font-size: medium\"><b>\u00a0 \u00a0 \u00a0Que notre ami\u00a0<i>A. Le Goff<\/i>\u00a0soit chaleureusement remerci\u00e9 pour son t\u00e9moignage mesur\u00e9\u00a0 sur des rites d&rsquo;int\u00e9gration, sans doute venus de loin, et transmis sans encombre de g\u00e9n\u00e9ration\u00a0 en g\u00e9n\u00e9ration\u00a0 de normaliens&#8230;\u00a0 \u00a0 \u00a0 \u00a0 \u00a0 \u00a0 \u00a0 \u00a0 \u00a0 \u00a0\u00a0<\/b><\/span><\/span><\/div>\n<div><\/div>\n<\/div>\n\t\t\t\t\t\t\t\t<\/div>\n\n\t\t\t\t\t\t\t\n\t\t\t\t\t\t\t\n\t\t\t\t\t\t\t\n\t\t\t\t\t\t<\/div>\n\n\t\t\t\t\t<\/div>\n\n\t\t\t\t\t\n\t\t\t\t\n\t\t\t\t\t<div class=\"iw-so-article iw-so-no-thumb iw-so-blog-one-column iw-so-last-col\">\n\n\t\t\t\t\t\t<div class=\"iw-so-article-content\">\n\n\t\t\t\t\t\t\t\n\t\t\t\t\t\t\t\n\t\t\t\t\t\t\t<h3 class=\"iw-so-article-title iw-text-left\">\n\t\t\t\t\t\t\t\t\t\t\t\t\t\t\t\t\tRituels d&rsquo;entr\u00e9e \u00e0 l&rsquo;Ecole Normale d&rsquo;Instituteurs,le regard\u00a0 de l&rsquo;anthropologue\t\t\t\t\t\t\t\t\t\t\t\t\t\t\t<\/h3>\n\n\t\t\t\t\t\t\t\n\t\t\t\t\t\t\t\n\t\t\t\t\t\t\t\t<div class=\"iw-so-article-full\">\n\t\t\t\t\t\t\t\t\t<div dir=\"ltr\" style=\"text-align: justify;\">Les visiteurs int\u00e9ress\u00e9s par ces pratiques et leur signification pourront consulter, <a href=\"https:\/\/journals.openedition.org\/terrain\/3153\" target=\"_blank\" rel=\"noopener noreferrer\">en suivant ce lien<\/a>, l&rsquo;<span style=\"font-size: 1.5rem; line-height: 1.5;\">article de <\/span><span style=\"font-size: 1.5rem; line-height: 1.5;\">Dominique BLANC<\/span><span style=\"font-size: 1.5rem; line-height: 1.5;\">, Ing\u00e9nieur (Ecole des Hautes \u00e9tudes en Sciences Sociales (LISST) &#8211; Centre d&rsquo;anthropologie sociale &#8211; Toulouse) intitul\u00e9 \u00ab\u00a0<\/span><span style=\"font-size: 1.5rem; line-height: 1.5;\">Rituels d&rsquo;entr\u00e9e \u00e0 l&rsquo;Ecole Normale d&rsquo;Instituteurs<\/span><span style=\"font-size: 1.5rem; line-height: 1.5;\">\u00ab\u00a0) et publi\u00e9 en 1987 dans le p\u00e9riodique <\/span><span style=\"font-size: 1.5rem; line-height: 1.5;\">TERRAIN<\/span><span style=\"font-size: 1.5rem; line-height: 1.5;\">,\u00a0<\/span><span style=\"font-size: 1.5rem; line-height: 1.5;\">8<\/span><span style=\"font-size: 1.5rem; line-height: 1.5;\">,52-62. Il est d\u00e9volu aux bizutages normaliens.\u00a0<\/span><\/div>\n\t\t\t\t\t\t\t\t<\/div>\n\n\t\t\t\t\t\t\t\n\t\t\t\t\t\t\t\n\t\t\t\t\t\t\t\n\t\t\t\t\t\t<\/div>\n\n\t\t\t\t\t<\/div>\n\n\t\t\t\t\t\n\t\t\t\t\n\t\t\t\t\t<div class=\"iw-so-article iw-so-no-thumb iw-so-blog-one-column iw-so-last-col\">\n\n\t\t\t\t\t\t<div class=\"iw-so-article-content\">\n\n\t\t\t\t\t\t\t\n\t\t\t\t\t\t\t\n\t\t\t\t\t\t\t<h3 class=\"iw-so-article-title iw-text-left\">\n\t\t\t\t\t\t\t\t\t\t\t\t\t\t\t\t\tL&rsquo;usinage des \u00ab\u00a0bleus\u00a0\u00bb de l&rsquo;ENG de Quimper en 1954 !\t\t\t\t\t\t\t\t\t\t\t\t\t\t\t<\/h3>\n\n\t\t\t\t\t\t\t\n\t\t\t\t\t\t\t\n\t\t\t\t\t\t\t\t<div class=\"iw-so-article-full\">\n\t\t\t\t\t\t\t\t\t<div>L&rsquo;auteur de cet article, laur\u00e9at du concours d&rsquo;entr\u00e9e\u00a0 en 1954, a conserv\u00e9-comme tous ses camarades de promotion-le souvenir ind\u00e9l\u00e9bile des rites humiliants et d\u00e9gradants subits alors qu&rsquo;il \u00e9tait adolescent. Dans\u00a0 ses m\u00e9moires r\u00e9dig\u00e9s 43 ans apr\u00e8s les faits, il en parle avec beaucoup de pr\u00e9cision, de r\u00e9serve et d&rsquo;\u00e9motion.<\/div>\n<div>Il rappelle fort justement que les bizut\u00e9s de 1954-1955 ne furent pas d&rsquo;excellents bizuteurs&#8230;pour le grand\u00a0 bonheur de leurs cadets.<\/div>\n<div>Les victimes, contrairement \u00e0 leurs a\u00een\u00e9s, avaient en effet collectivement d\u00e9cid\u00e9 que l&rsquo;int\u00e9gration des \u00e9l\u00e8ves-ma\u00eetres dans le corps social des Instituteurs de l&rsquo;Ecole publique ne pouvaient r\u00e9sulter de pratiques d&rsquo;un autre \u00e2ge. On sait\u00a0 que par la Loi du 17 juin 1998\u00a0 pr\u00e9sent\u00e9e par\u00a0 Mme S\u00e9gol\u00e8ne Royal (ministre) et vot\u00e9e par nos assembl\u00e9es parlementaires , brimades et bizutages pratiqu\u00e9s en public dans des r\u00e9unions li\u00e9es aux \u00ab\u00a0milieux scolaires et socio-\u00e9ducatifs\u00a0\u00bb constituent des d\u00e9lits\u00a0 punis comme tels.<\/div>\n<div><\/div>\n<div>Les visiteurs du site pourront consulter, <a href=\"http:\/\/asvpnf.com\/wp-content\/uploads\/2019\/05\/RITES-ET-BIZUTAGE-par-J.-Dennie\u0301lou-ENG-Quimper-54-58.doc\" target=\"_blank\" rel=\"noopener noreferrer\">en cliquant ici<\/a>,\u00a0le document mis \u00e0 disposition de l&rsquo;Association par notre Coll\u00e8gue. \u00a0 Qu&rsquo;il en soit remerci\u00e9 chaleureusement.<\/div>\n\t\t\t\t\t\t\t\t<\/div>\n\n\t\t\t\t\t\t\t\n\t\t\t\t\t\t\t\n\t\t\t\t\t\t\t\n\t\t\t\t\t\t<\/div>\n\n\t\t\t\t\t<\/div>\n\n\t\t\t\t\t\n\t\t\t\t\n\t\t\t\t\t<div class=\"iw-so-article iw-so-no-thumb iw-so-blog-one-column iw-so-last-col\">\n\n\t\t\t\t\t\t<div class=\"iw-so-article-content\">\n\n\t\t\t\t\t\t\t\n\t\t\t\t\t\t\t\n\t\t\t\t\t\t\t<h3 class=\"iw-so-article-title iw-text-left\">\n\t\t\t\t\t\t\t\t\t\t\t\t\t\t\t\t\tLe bonheur\u00a0est dans le pr\u00e9 !\t\t\t\t\t\t\t\t\t\t\t\t\t\t\t<\/h3>\n\n\t\t\t\t\t\t\t\n\t\t\t\t\t\t\t\n\t\t\t\t\t\t\t\t<div class=\"iw-so-article-full\">\n\t\t\t\t\t\t\t\t\t<p>(version des ann\u00e9es 50)<\/p>\n<p><img loading=\"lazy\" class=\"alignnone size-full wp-image-954\" src=\"http:\/\/asvpnf.com\/wp-content\/uploads\/2016\/07\/le-bonheur-est-dans-le-pre\u0301.jpg\" alt=\"le bonheur est dans le pre\u0301\" width=\"799\" height=\"445\" srcset=\"https:\/\/asvpnf.com\/wp-content\/uploads\/2016\/07\/le-bonheur-est-dans-le-pre\u0301.jpg 799w, https:\/\/asvpnf.com\/wp-content\/uploads\/2016\/07\/le-bonheur-est-dans-le-pre\u0301-300x167.jpg 300w, https:\/\/asvpnf.com\/wp-content\/uploads\/2016\/07\/le-bonheur-est-dans-le-pre\u0301-768x428.jpg 768w, https:\/\/asvpnf.com\/wp-content\/uploads\/2016\/07\/le-bonheur-est-dans-le-pre\u0301-250x139.jpg 250w, https:\/\/asvpnf.com\/wp-content\/uploads\/2016\/07\/le-bonheur-est-dans-le-pre\u0301-550x306.jpg 550w, https:\/\/asvpnf.com\/wp-content\/uploads\/2016\/07\/le-bonheur-est-dans-le-pre\u0301-323x180.jpg 323w, https:\/\/asvpnf.com\/wp-content\/uploads\/2016\/07\/le-bonheur-est-dans-le-pre\u0301-539x300.jpg 539w\" sizes=\"(max-width: 799px) 100vw, 799px\" \/><\/p>\n\t\t\t\t\t\t\t\t<\/div>\n\n\t\t\t\t\t\t\t\n\t\t\t\t\t\t\t\n\t\t\t\t\t\t\t\n\t\t\t\t\t\t<\/div>\n\n\t\t\t\t\t<\/div>\n\n\t\t\t\t\t\n\t\t\t\t\n\t\t\t\t\t<div class=\"iw-so-article iw-so-no-thumb iw-so-blog-one-column iw-so-last-col\">\n\n\t\t\t\t\t\t<div class=\"iw-so-article-content\">\n\n\t\t\t\t\t\t\t\n\t\t\t\t\t\t\t\n\t\t\t\t\t\t\t<h3 class=\"iw-so-article-title iw-text-left\">\n\t\t\t\t\t\t\t\t\t\t\t\t\t\t\t\t\tCode du bleu\t\t\t\t\t\t\t\t\t\t\t\t\t\t\t<\/h3>\n\n\t\t\t\t\t\t\t\n\t\t\t\t\t\t\t\n\t\t\t\t\t\t\t\t<div class=\"iw-so-article-full\">\n\t\t\t\t\t\t\t\t\t<p><span id=\"yui_3_16_0_ym19_1_1468054694493_11406\">(Manuscrit \u00a0mis \u00e0 disposition par un \u00e9l\u00e8ve-ma\u00eetre des ann\u00e9es 50)<\/span><\/p>\n<p><img loading=\"lazy\" class=\"alignnone size-large wp-image-949\" src=\"http:\/\/asvpnf.com\/wp-content\/uploads\/2016\/07\/Code-du-bleu-1-788x1024.jpg\" alt=\"Code du bleu 1\" width=\"788\" height=\"1024\" srcset=\"https:\/\/asvpnf.com\/wp-content\/uploads\/2016\/07\/Code-du-bleu-1-788x1024.jpg 788w, https:\/\/asvpnf.com\/wp-content\/uploads\/2016\/07\/Code-du-bleu-1-231x300.jpg 231w, https:\/\/asvpnf.com\/wp-content\/uploads\/2016\/07\/Code-du-bleu-1-768x998.jpg 768w, https:\/\/asvpnf.com\/wp-content\/uploads\/2016\/07\/Code-du-bleu-1-250x325.jpg 250w, https:\/\/asvpnf.com\/wp-content\/uploads\/2016\/07\/Code-du-bleu-1-550x715.jpg 550w, https:\/\/asvpnf.com\/wp-content\/uploads\/2016\/07\/Code-du-bleu-1-800x1040.jpg 800w, https:\/\/asvpnf.com\/wp-content\/uploads\/2016\/07\/Code-du-bleu-1-138x180.jpg 138w, https:\/\/asvpnf.com\/wp-content\/uploads\/2016\/07\/Code-du-bleu-1-385x500.jpg 385w, https:\/\/asvpnf.com\/wp-content\/uploads\/2016\/07\/Code-du-bleu-1.jpg 1020w\" sizes=\"(max-width: 788px) 100vw, 788px\" \/><\/p>\n<p><img loading=\"lazy\" class=\"alignnone size-large wp-image-950\" src=\"http:\/\/asvpnf.com\/wp-content\/uploads\/2016\/07\/Code-du-bleu-2-783x1024.jpg\" alt=\"Code du bleu 2\" width=\"783\" height=\"1024\" srcset=\"https:\/\/asvpnf.com\/wp-content\/uploads\/2016\/07\/Code-du-bleu-2-783x1024.jpg 783w, https:\/\/asvpnf.com\/wp-content\/uploads\/2016\/07\/Code-du-bleu-2-229x300.jpg 229w, https:\/\/asvpnf.com\/wp-content\/uploads\/2016\/07\/Code-du-bleu-2-768x1005.jpg 768w, https:\/\/asvpnf.com\/wp-content\/uploads\/2016\/07\/Code-du-bleu-2-250x327.jpg 250w, https:\/\/asvpnf.com\/wp-content\/uploads\/2016\/07\/Code-du-bleu-2-550x720.jpg 550w, https:\/\/asvpnf.com\/wp-content\/uploads\/2016\/07\/Code-du-bleu-2-800x1047.jpg 800w, https:\/\/asvpnf.com\/wp-content\/uploads\/2016\/07\/Code-du-bleu-2-138x180.jpg 138w, https:\/\/asvpnf.com\/wp-content\/uploads\/2016\/07\/Code-du-bleu-2-382x500.jpg 382w, https:\/\/asvpnf.com\/wp-content\/uploads\/2016\/07\/Code-du-bleu-2.jpg 1011w\" sizes=\"(max-width: 783px) 100vw, 783px\" \/><\/p>\n<p><img loading=\"lazy\" class=\"alignnone size-large wp-image-951\" src=\"http:\/\/asvpnf.com\/wp-content\/uploads\/2016\/07\/Code-du-bleu-3-792x1024.jpg\" alt=\"Code du bleu 3\" width=\"792\" height=\"1024\" srcset=\"https:\/\/asvpnf.com\/wp-content\/uploads\/2016\/07\/Code-du-bleu-3-792x1024.jpg 792w, https:\/\/asvpnf.com\/wp-content\/uploads\/2016\/07\/Code-du-bleu-3-232x300.jpg 232w, https:\/\/asvpnf.com\/wp-content\/uploads\/2016\/07\/Code-du-bleu-3-768x993.jpg 768w, https:\/\/asvpnf.com\/wp-content\/uploads\/2016\/07\/Code-du-bleu-3-250x323.jpg 250w, https:\/\/asvpnf.com\/wp-content\/uploads\/2016\/07\/Code-du-bleu-3-550x711.jpg 550w, https:\/\/asvpnf.com\/wp-content\/uploads\/2016\/07\/Code-du-bleu-3-800x1034.jpg 800w, https:\/\/asvpnf.com\/wp-content\/uploads\/2016\/07\/Code-du-bleu-3-139x180.jpg 139w, https:\/\/asvpnf.com\/wp-content\/uploads\/2016\/07\/Code-du-bleu-3-387x500.jpg 387w, https:\/\/asvpnf.com\/wp-content\/uploads\/2016\/07\/Code-du-bleu-3.jpg 1026w\" sizes=\"(max-width: 792px) 100vw, 792px\" \/><\/p>\n\t\t\t\t\t\t\t\t<\/div>\n\n\t\t\t\t\t\t\t\n\t\t\t\t\t\t\t\n\t\t\t\t\t\t\t\n\t\t\t\t\t\t<\/div>\n\n\t\t\t\t\t<\/div>\n\n\t\t\t\t\t\n\t\t\t\t\n\t\t\t<\/div>\n\n\t\t\t\n\t\t\t\t\t<h3 class=\"screen-reader-text\">Posts Navigation<\/h3>\n\t\t\t<nav id='iw-so-blog-pagination' class=\"iw-so-blog-pagination iw-so-blog-prev-next iw-so-navi-btn iw-so-navi-btn-hover iw-so-navi-btn-click\" role=\"navigation\">\n\t\t\t\t<ul>\n\t\t\t\t\t<li class=\"iw-so-blog-previous\"><\/li>\n\t\t\t\t\t<li class=\"iw-so-blog-next\"><\/li>\n\t\t\t\t<\/ul>\n\t\t\t<\/nav>\n\t\t\n\t\t\n\t\n\t\t<\/div>\n\n\t<\/div>\n\n\n<\/div><\/div><\/div><div id=\"pgc-846-0-2\"  class=\"panel-grid-cell panel-grid-cell-mobile-last\" ><div class=\"panel-cell-style panel-cell-style-for-846-0-2\" ><div id=\"panel-846-0-2-0\" class=\"so-panel widget widget_dc_jqverticalmegamenu_widget panel-first-child\" data-index=\"1\" ><div class=\"panel-widget-style panel-widget-style-for-846-0-2-0\" >\t\t<div class=\"dcjq-vertical-mega-menu\" id=\"dc_jqverticalmegamenu_widget-1-item\">\r\n\t\t\r\n\t\t<ul id=\"menu-menu-sidebar\" class=\"menu\"><li id=\"menu-item-2595\" class=\"menu-item menu-item-type-post_type menu-item-object-page menu-item-2595\"><a href=\"https:\/\/asvpnf.com\/index.php\/rechercher\/\">RECHERCHER&#8230;<\/a><\/li>\n<li id=\"menu-item-159\" class=\"menu-item menu-item-type-post_type menu-item-object-page menu-item-159\"><a href=\"https:\/\/asvpnf.com\/index.php\/faire-connaissance\/\">A PROPOS<\/a><\/li>\n<li id=\"menu-item-104\" class=\"menu-item menu-item-type-post_type menu-item-object-page menu-item-104\"><a href=\"https:\/\/asvpnf.com\/index.php\/adhesion\/\">ADHESION<\/a><\/li>\n<li id=\"menu-item-107\" class=\"menu-item menu-item-type-post_type menu-item-object-page menu-item-107\"><a href=\"https:\/\/asvpnf.com\/index.php\/contact\/\">CONTACT<\/a><\/li>\n<\/ul>\t\t\r\n\t\t<\/div>\r\n\t\t<\/div><\/div><div id=\"panel-846-0-2-1\" class=\"so-panel widget\" data-index=\"2\" ><div class=\"panel-widget-style panel-widget-style-for-846-0-2-1\" ><\/div><\/div><div id=\"panel-846-0-2-2\" class=\"so-panel widget widget_ink-blog panel-last-child\" data-index=\"3\" ><div class=\"liste-articles panel-widget-style panel-widget-style-for-846-0-2-2\" id=\"liste-articles\" ><div class=\"so-widget-ink-blog so-widget-ink-blog-thumb-none-7057433e61dc\">\n<h3 class=\"widget-title\">ARTICLES<\/h3>\n\n\t<div class=\"iw-so-blog\">\n\n\t\t<div id=\"my-ajax-blog-widget\">\n\n\t\t\t<div class=\"iw-so-blog-container\">\n\n\t\t\t\t\n\t\t\t\t\t<div class=\"iw-so-article iw-so-no-thumb iw-so-blog-one-column iw-so-last-col\">\n\n\t\t\t\t\t\t<div class=\"iw-so-article-content\">\n\n\t\t\t\t\t\t\t\n\t\t\t\t\t\t\t\n\t\t\t\t\t\t\t<h6 class=\"iw-so-article-title iw-text-left\">\n\t\t\t\t\t\t\t\t<a href=\"https:\/\/asvpnf.com\/index.php\/2026\/02\/24\/rites-normaliens-du-bizutage\/\">\t\t\t\t\t\t\t\t\tRites normaliens : du bizutage \u00e0 l\u2019amiti\u00e9 ind\u00e9fectible ?\t\t\t\t\t\t\t\t<\/a>\t\t\t\t\t\t\t<\/h6>\n\n\t\t\t\t\t\t\t\n\t\t\t\t\t\t\t\n\t\t\t\t\t\t\t\n\t\t\t\t\t\t\t\n\t\t\t\t\t\t<\/div>\n\n\t\t\t\t\t<\/div>\n\n\t\t\t\t\t\n\t\t\t\t\n\t\t\t\t\t<div class=\"iw-so-article iw-so-no-thumb iw-so-blog-one-column iw-so-last-col\">\n\n\t\t\t\t\t\t<div class=\"iw-so-article-content\">\n\n\t\t\t\t\t\t\t\n\t\t\t\t\t\t\t\n\t\t\t\t\t\t\t<h6 class=\"iw-so-article-title iw-text-left\">\n\t\t\t\t\t\t\t\t<a href=\"https:\/\/asvpnf.com\/index.php\/2020\/11\/20\/lundi-4-octobre-1954-la-rentree-et-ses-suites-des-laureats-du-concours-dadmission-a-leng-de-quimper-racontees-et-illustrees-par-andre-le-goff\/\">\t\t\t\t\t\t\t\t\tLundi 4 octobre  1954 ; la rentr\u00e9e (et ses suites) des \u00ab\u00a0laur\u00e9ats\u00a0\u00bb du concours d&rsquo;admission \u00e0 l&rsquo;ENG de QUIMPER racont\u00e9es et illustr\u00e9es par Andr\u00e9 Le Goff.\t\t\t\t\t\t\t\t<\/a>\t\t\t\t\t\t\t<\/h6>\n\n\t\t\t\t\t\t\t\n\t\t\t\t\t\t\t\n\t\t\t\t\t\t\t\n\t\t\t\t\t\t\t\n\t\t\t\t\t\t<\/div>\n\n\t\t\t\t\t<\/div>\n\n\t\t\t\t\t\n\t\t\t\t\n\t\t\t\t\t<div class=\"iw-so-article iw-so-no-thumb iw-so-blog-one-column iw-so-last-col\">\n\n\t\t\t\t\t\t<div class=\"iw-so-article-content\">\n\n\t\t\t\t\t\t\t\n\t\t\t\t\t\t\t\n\t\t\t\t\t\t\t<h6 class=\"iw-so-article-title iw-text-left\">\n\t\t\t\t\t\t\t\t<a href=\"https:\/\/asvpnf.com\/index.php\/2019\/11\/29\/rituels-dentree-a-lecole-normale-dinstituteursle-regard-de-lanthropologue\/\">\t\t\t\t\t\t\t\t\tRituels d&rsquo;entr\u00e9e \u00e0 l&rsquo;Ecole Normale d&rsquo;Instituteurs,le regard\u00a0 de l&rsquo;anthropologue\t\t\t\t\t\t\t\t<\/a>\t\t\t\t\t\t\t<\/h6>\n\n\t\t\t\t\t\t\t\n\t\t\t\t\t\t\t\n\t\t\t\t\t\t\t\n\t\t\t\t\t\t\t\n\t\t\t\t\t\t<\/div>\n\n\t\t\t\t\t<\/div>\n\n\t\t\t\t\t\n\t\t\t\t\n\t\t\t\t\t<div class=\"iw-so-article iw-so-no-thumb iw-so-blog-one-column iw-so-last-col\">\n\n\t\t\t\t\t\t<div class=\"iw-so-article-content\">\n\n\t\t\t\t\t\t\t\n\t\t\t\t\t\t\t\n\t\t\t\t\t\t\t<h6 class=\"iw-so-article-title iw-text-left\">\n\t\t\t\t\t\t\t\t<a href=\"https:\/\/asvpnf.com\/index.php\/2019\/05\/22\/lusinage-des-bleus-de-leng-de-quimper-en-1954\/\">\t\t\t\t\t\t\t\t\tL&rsquo;usinage des \u00ab\u00a0bleus\u00a0\u00bb de l&rsquo;ENG de Quimper en 1954 !\t\t\t\t\t\t\t\t<\/a>\t\t\t\t\t\t\t<\/h6>\n\n\t\t\t\t\t\t\t\n\t\t\t\t\t\t\t\n\t\t\t\t\t\t\t\n\t\t\t\t\t\t\t\n\t\t\t\t\t\t<\/div>\n\n\t\t\t\t\t<\/div>\n\n\t\t\t\t\t\n\t\t\t\t\n\t\t\t\t\t<div class=\"iw-so-article iw-so-no-thumb iw-so-blog-one-column iw-so-last-col\">\n\n\t\t\t\t\t\t<div class=\"iw-so-article-content\">\n\n\t\t\t\t\t\t\t\n\t\t\t\t\t\t\t\n\t\t\t\t\t\t\t<h6 class=\"iw-so-article-title iw-text-left\">\n\t\t\t\t\t\t\t\t<a href=\"https:\/\/asvpnf.com\/index.php\/2018\/02\/12\/le-bonheur-est-dans-le-pre\/\">\t\t\t\t\t\t\t\t\tLe bonheur\u00a0est dans le pr\u00e9 !\t\t\t\t\t\t\t\t<\/a>\t\t\t\t\t\t\t<\/h6>\n\n\t\t\t\t\t\t\t\n\t\t\t\t\t\t\t\n\t\t\t\t\t\t\t\n\t\t\t\t\t\t\t\n\t\t\t\t\t\t<\/div>\n\n\t\t\t\t\t<\/div>\n\n\t\t\t\t\t\n\t\t\t\t\n\t\t\t<\/div>\n\n\t\t\t\n\t\t\t\t\t<h3 class=\"screen-reader-text\">Posts Navigation<\/h3>\n\t\t\t<nav id='iw-so-blog-pagination' class=\"iw-so-blog-pagination iw-so-blog-prev-next iw-so-navi-btn iw-so-navi-btn-hover iw-so-navi-btn-click\" role=\"navigation\">\n\t\t\t\t<ul>\n\t\t\t\t\t<li class=\"iw-so-blog-previous\"><\/li>\n\t\t\t\t\t<li class=\"iw-so-blog-next\"><\/li>\n\t\t\t\t<\/ul>\n\t\t\t<\/nav>\n\t\t\n\t\t\n\t\n\t\t<\/div>\n\n\t<\/div>\n\n\n<\/div><\/div><\/div><\/div><\/div><div id=\"pgc-846-0-3\"  class=\"panel-grid-cell panel-grid-cell-empty\" ><\/div><\/div><\/div><\/div>","protected":false},"excerpt":{"rendered":"","protected":false},"author":4,"featured_media":0,"parent":843,"menu_order":1,"comment_status":"closed","ping_status":"closed","template":"","meta":{"spay_email":""},"_links":{"self":[{"href":"https:\/\/asvpnf.com\/index.php\/wp-json\/wp\/v2\/pages\/846"}],"collection":[{"href":"https:\/\/asvpnf.com\/index.php\/wp-json\/wp\/v2\/pages"}],"about":[{"href":"https:\/\/asvpnf.com\/index.php\/wp-json\/wp\/v2\/types\/page"}],"author":[{"embeddable":true,"href":"https:\/\/asvpnf.com\/index.php\/wp-json\/wp\/v2\/users\/4"}],"replies":[{"embeddable":true,"href":"https:\/\/asvpnf.com\/index.php\/wp-json\/wp\/v2\/comments?post=846"}],"version-history":[{"count":10,"href":"https:\/\/asvpnf.com\/index.php\/wp-json\/wp\/v2\/pages\/846\/revisions"}],"predecessor-version":[{"id":3220,"href":"https:\/\/asvpnf.com\/index.php\/wp-json\/wp\/v2\/pages\/846\/revisions\/3220"}],"up":[{"embeddable":true,"href":"https:\/\/asvpnf.com\/index.php\/wp-json\/wp\/v2\/pages\/843"}],"wp:attachment":[{"href":"https:\/\/asvpnf.com\/index.php\/wp-json\/wp\/v2\/media?parent=846"}],"curies":[{"name":"wp","href":"https:\/\/api.w.org\/{rel}","templated":true}]}}