{"id":852,"date":"2016-07-06T14:48:54","date_gmt":"2016-07-06T13:48:54","guid":{"rendered":"http:\/\/asvpnf.com\/?page_id=852"},"modified":"2018-11-09T12:20:42","modified_gmt":"2018-11-09T11:20:42","slug":"chants-normaliens","status":"publish","type":"page","link":"https:\/\/asvpnf.com\/index.php\/cooperer\/traditions-normaliennes-ritualisees\/chants-normaliens\/","title":{"rendered":"Chants normaliens"},"content":{"rendered":"<div id=\"pl-852\"  class=\"panel-layout\" ><div id=\"pg-852-0\"  class=\"panel-grid panel-has-style\" ><div class=\"siteorigin-panels-stretch panel-row-style panel-row-style-for-852-0\" data-stretch-type=\"full-stretched\" ><div id=\"pgc-852-0-0\"  class=\"panel-grid-cell panel-grid-cell-empty\" ><\/div><div id=\"pgc-852-0-1\"  class=\"panel-grid-cell\" ><div id=\"panel-852-0-1-0\" class=\"so-panel widget widget_ink-blog panel-first-child panel-last-child\" data-index=\"0\" ><div class=\"so-widget-ink-blog so-widget-ink-blog-thumb-none-c970013faefc\">\n\n\n\t<div class=\"iw-so-blog\">\n\n\t\t<div id=\"my-ajax-blog-widget\">\n\n\t\t\t<div class=\"iw-so-blog-container\">\n\n\t\t\t\t\n\t\t\t\t\t<div class=\"iw-so-article iw-so-no-thumb iw-so-blog-one-column iw-so-last-col\">\n\n\t\t\t\t\t\t<div class=\"iw-so-article-content\">\n\n\t\t\t\t\t\t\t\n\t\t\t\t\t\t\t\n\t\t\t\t\t\t\t<h3 class=\"iw-so-article-title iw-text-left\">\n\t\t\t\t\t\t\t\t\t\t\t\t\t\t\t\t\tLe chant des NORMS\t\t\t\t\t\t\t\t\t\t\t\t\t\t\t<\/h3>\n\n\t\t\t\t\t\t\t\n\t\t\t\t\t\t\t\n\t\t\t\t\t\t\t\t<div class=\"iw-so-article-full\">\n\t\t\t\t\t\t\t\t\t<h4 class=\"western\"><span style=\"color: #ffffff;\">&#8211;<\/span><\/h4>\n<h4 class=\"western\"><strong>Le chant des NORMS<\/strong><\/h4>\n<p>Chant des normaliens de Quimper.<\/p>\n<p><em>Premier couplet\u00a0: <\/em><\/p>\n<p style=\"padding-left: 30px;\">Oublions ce soir le travail et l\u2019EN<br \/>\nQue dans les quatre promos<br \/>\nLa ga\u00eet\u00e9 passe en \u00e9cho.<br \/>\nNotre devise est belle<br \/>\nAujourd\u2019hui chantons comme elle<br \/>\nPaix et libert\u00e9<br \/>\nDans la joie et la ga\u00eet\u00e9.<\/p>\n<p><em>Deuxi\u00e8me couplet\u00a0:<\/em><\/p>\n<p style=\"padding-left: 30px;\">Le c\u0153ur plein d\u2019espoir, nous pensons aux vacances,<br \/>\nD\u00e9j\u00e0 la fuite arrive et nous nous sentons revivre.<br \/>\nTout au long des semaines, nous pensons \u00e0 l\u2019ann\u00e9e prochaine<br \/>\nO\u00f9 nous quitterons enfin la bo\u00eete et tous ses bouquins.<\/p>\n<p><em>Refrain<\/em><\/p>\n<p style=\"padding-left: 30px;\">Tous attention et rangez vous, et rangez vous\u00a0!<br \/>\nLes normaliens amis c\u2019est nous, amis c\u2019est nous.<br \/>\nBuvons, chantons et r\u00e9pandons, et r\u00e9pandons<br \/>\nNotre all\u00e9gresse \u00e0 l\u2019unisson\u00a0!<\/p>\n\t\t\t\t\t\t\t\t<\/div>\n\n\t\t\t\t\t\t\t\n\t\t\t\t\t\t\t\n\t\t\t\t\t\t\t\n\t\t\t\t\t\t<\/div>\n\n\t\t\t\t\t<\/div>\n\n\t\t\t\t\t\n\t\t\t\t\n\t\t\t<\/div>\n\n\t\t\t\n\t\t\t\t\t<h3 class=\"screen-reader-text\">Posts Navigation<\/h3>\n\t\t\t<nav id='iw-so-blog-pagination' class=\"iw-so-blog-pagination iw-so-blog-prev-next iw-so-navi-btn iw-so-navi-btn-hover iw-so-navi-btn-click\" role=\"navigation\">\n\t\t\t\t<ul>\n\t\t\t\t\t<li class=\"iw-so-blog-previous\"><\/li>\n\t\t\t\t\t<li class=\"iw-so-blog-next\"><\/li>\n\t\t\t\t<\/ul>\n\t\t\t<\/nav>\n\t\t\n\t\t\n\t\n\t\t<\/div>\n\n\t<\/div>\n\n\n<\/div><\/div><\/div><div id=\"pgc-852-0-2\"  class=\"panel-grid-cell panel-grid-cell-mobile-last\" ><div class=\"panel-cell-style panel-cell-style-for-852-0-2\" ><div id=\"panel-852-0-2-0\" class=\"so-panel widget widget_dc_jqverticalmegamenu_widget panel-first-child\" data-index=\"1\" ><div class=\"panel-widget-style panel-widget-style-for-852-0-2-0\" >\t\t<div class=\"dcjq-vertical-mega-menu\" id=\"dc_jqverticalmegamenu_widget-1-item\">\r\n\t\t\r\n\t\t<ul id=\"menu-menu-sidebar\" class=\"menu\"><li id=\"menu-item-2595\" class=\"menu-item menu-item-type-post_type menu-item-object-page menu-item-2595\"><a href=\"https:\/\/asvpnf.com\/index.php\/rechercher\/\">RECHERCHER&#8230;<\/a><\/li>\n<li id=\"menu-item-159\" class=\"menu-item menu-item-type-post_type menu-item-object-page menu-item-159\"><a href=\"https:\/\/asvpnf.com\/index.php\/faire-connaissance\/\">A PROPOS<\/a><\/li>\n<li id=\"menu-item-104\" class=\"menu-item menu-item-type-post_type menu-item-object-page menu-item-104\"><a href=\"https:\/\/asvpnf.com\/index.php\/adhesion\/\">ADHESION<\/a><\/li>\n<li id=\"menu-item-107\" class=\"menu-item menu-item-type-post_type menu-item-object-page menu-item-107\"><a href=\"https:\/\/asvpnf.com\/index.php\/contact\/\">CONTACT<\/a><\/li>\n<\/ul>\t\t\r\n\t\t<\/div>\r\n\t\t<\/div><\/div><div id=\"panel-852-0-2-1\" class=\"so-panel widget\" data-index=\"2\" ><div class=\"panel-widget-style panel-widget-style-for-852-0-2-1\" ><\/div><\/div><div id=\"panel-852-0-2-2\" class=\"so-panel widget widget_ink-blog panel-last-child\" data-index=\"3\" ><div class=\"liste-articles panel-widget-style panel-widget-style-for-852-0-2-2\" id=\"liste-articles\" ><div class=\"so-widget-ink-blog so-widget-ink-blog-thumb-none-7057433e61dc\">\n<h3 class=\"widget-title\">ARTICLES<\/h3>\n\n<\/div><\/div><\/div><\/div><\/div><div id=\"pgc-852-0-3\"  class=\"panel-grid-cell panel-grid-cell-empty\" ><\/div><\/div><\/div><\/div>","protected":false},"excerpt":{"rendered":"","protected":false},"author":4,"featured_media":0,"parent":843,"menu_order":4,"comment_status":"closed","ping_status":"closed","template":"","meta":{"spay_email":""},"_links":{"self":[{"href":"https:\/\/asvpnf.com\/index.php\/wp-json\/wp\/v2\/pages\/852"}],"collection":[{"href":"https:\/\/asvpnf.com\/index.php\/wp-json\/wp\/v2\/pages"}],"about":[{"href":"https:\/\/asvpnf.com\/index.php\/wp-json\/wp\/v2\/types\/page"}],"author":[{"embeddable":true,"href":"https:\/\/asvpnf.com\/index.php\/wp-json\/wp\/v2\/users\/4"}],"replies":[{"embeddable":true,"href":"https:\/\/asvpnf.com\/index.php\/wp-json\/wp\/v2\/comments?post=852"}],"version-history":[{"count":9,"href":"https:\/\/asvpnf.com\/index.php\/wp-json\/wp\/v2\/pages\/852\/revisions"}],"predecessor-version":[{"id":3222,"href":"https:\/\/asvpnf.com\/index.php\/wp-json\/wp\/v2\/pages\/852\/revisions\/3222"}],"up":[{"embeddable":true,"href":"https:\/\/asvpnf.com\/index.php\/wp-json\/wp\/v2\/pages\/843"}],"wp:attachment":[{"href":"https:\/\/asvpnf.com\/index.php\/wp-json\/wp\/v2\/media?parent=852"}],"curies":[{"name":"wp","href":"https:\/\/api.w.org\/{rel}","templated":true}]}}